{"id":4500,"date":"2025-07-11T17:09:04","date_gmt":"2025-07-11T16:09:04","guid":{"rendered":"https:\/\/girawa.org\/?page_id=4500"},"modified":"2025-08-09T12:22:03","modified_gmt":"2025-08-09T11:22:03","slug":"donovan","status":"publish","type":"page","link":"https:\/\/girawa.org\/pt\/donovan\/","title":{"rendered":"Conhe\u00e7a Donovan"},"content":{"rendered":"<div data-elementor-type=\"wp-post\" data-elementor-id=\"4500\" class=\"elementor elementor-4500\">\n\t\t\t\t\t\t<footer class=\"elementor-section elementor-top-section elementor-element elementor-element-4c59992 elementor-section-full_width elementor-section-height-default elementor-section-height-default\" data-id=\"4c59992\" data-element_type=\"section\" data-e-type=\"section\">\n\t\t\t\t\t\t<div class=\"elementor-container elementor-column-gap-default\">\n\t\t\t\t\t<div class=\"elementor-column elementor-col-100 elementor-top-column elementor-element elementor-element-d16493b\" data-id=\"d16493b\" data-element_type=\"column\" data-e-type=\"column\">\n\t\t\t<div class=\"elementor-widget-wrap elementor-element-populated\">\n\t\t\t\t\t\t<section class=\"elementor-section elementor-inner-section elementor-element elementor-element-1a41009 elementor-section-boxed elementor-section-height-default elementor-section-height-default\" data-id=\"1a41009\" data-element_type=\"section\" data-e-type=\"section\">\n\t\t\t\t\t\t<div class=\"elementor-container elementor-column-gap-default\">\n\t\t\t\t\t<div class=\"elementor-column elementor-col-50 elementor-inner-column elementor-element elementor-element-b0246a7\" data-id=\"b0246a7\" data-element_type=\"column\" data-e-type=\"column\">\n\t\t\t<div class=\"elementor-widget-wrap elementor-element-populated\">\n\t\t\t\t\t\t<div class=\"elementor-element elementor-element-65029b9 elementor-widget elementor-widget-image\" data-id=\"65029b9\" data-element_type=\"widget\" data-e-type=\"widget\" data-widget_type=\"image.default\">\n\t\t\t\t<div class=\"elementor-widget-container\">\n\t\t\t\t\t\t\t\t\t\t\t\t\t\t\t<img fetchpriority=\"high\" decoding=\"async\" width=\"1049\" height=\"1049\" src=\"https:\/\/girawa.org\/wp-content\/uploads\/2024\/04\/IMG-20240427-WA0002-scaled-e1714237077570.jpg\" class=\"attachment-full size-full wp-image-2555\" alt=\"Donovan Humphrey Franco\" srcset=\"https:\/\/girawa.org\/wp-content\/uploads\/2024\/04\/IMG-20240427-WA0002-scaled-e1714237077570.jpg 1049w, https:\/\/girawa.org\/wp-content\/uploads\/2024\/04\/IMG-20240427-WA0002-scaled-e1714237077570-300x300.jpg 300w, https:\/\/girawa.org\/wp-content\/uploads\/2024\/04\/IMG-20240427-WA0002-scaled-e1714237077570-1024x1024.jpg 1024w, https:\/\/girawa.org\/wp-content\/uploads\/2024\/04\/IMG-20240427-WA0002-scaled-e1714237077570-150x150.jpg 150w, https:\/\/girawa.org\/wp-content\/uploads\/2024\/04\/IMG-20240427-WA0002-scaled-e1714237077570-768x768.jpg 768w, https:\/\/girawa.org\/wp-content\/uploads\/2024\/04\/IMG-20240427-WA0002-scaled-e1714237077570-600x600.jpg 600w\" sizes=\"(max-width: 1049px) 100vw, 1049px\" \/>\t\t\t\t\t\t\t\t\t\t\t\t\t\t\t<\/div>\n\t\t\t\t<\/div>\n\t\t\t\t\t<\/div>\n\t\t<\/div>\n\t\t\t\t<div class=\"elementor-column elementor-col-50 elementor-inner-column elementor-element elementor-element-fc80eba\" data-id=\"fc80eba\" data-element_type=\"column\" data-e-type=\"column\">\n\t\t\t<div class=\"elementor-widget-wrap elementor-element-populated\">\n\t\t\t\t\t\t<div class=\"elementor-element elementor-element-e3bb81a elementor-widget-mobile_extra__width-initial e-transform elementor-widget elementor-widget-heading\" data-id=\"e3bb81a\" data-element_type=\"widget\" data-e-type=\"widget\" data-settings=\"{&quot;_transform_scale_effect_mobile_extra&quot;:{&quot;unit&quot;:&quot;px&quot;,&quot;size&quot;:0.8,&quot;sizes&quot;:[]},&quot;_transform_scale_effect&quot;:{&quot;unit&quot;:&quot;px&quot;,&quot;size&quot;:&quot;&quot;,&quot;sizes&quot;:[]},&quot;_transform_scale_effect_tablet&quot;:{&quot;unit&quot;:&quot;px&quot;,&quot;size&quot;:&quot;&quot;,&quot;sizes&quot;:[]},&quot;_transform_scale_effect_mobile&quot;:{&quot;unit&quot;:&quot;px&quot;,&quot;size&quot;:&quot;&quot;,&quot;sizes&quot;:[]}}\" data-widget_type=\"heading.default\">\n\t\t\t\t<div class=\"elementor-widget-container\">\n\t\t\t\t\t<h1 class=\"elementor-heading-title elementor-size-default\">Donovan Humphrey Franco<\/h1>\t\t\t\t<\/div>\n\t\t\t\t<\/div>\n\t\t\t\t<div class=\"elementor-element elementor-element-0f0a644 elementor-widget elementor-widget-html\" data-id=\"0f0a644\" data-element_type=\"widget\" data-e-type=\"widget\" data-widget_type=\"html.default\">\n\t\t\t\t<div class=\"elementor-widget-container\">\n\t\t\t\t\t<div style=\"background-color:#EA5348; width:6.5rem; height:0.5rem; border-radius:30rem;\">\n    \n<\/div>\t\t\t\t<\/div>\n\t\t\t\t<\/div>\n\t\t\t\t\t<\/div>\n\t\t<\/div>\n\t\t\t\t\t<\/div>\n\t\t<\/section>\n\t\t\t\t\t<\/div>\n\t\t<\/div>\n\t\t\t\t\t<\/div>\n\t\t<\/footer>\n\t\t\t\t<section class=\"elementor-section elementor-top-section elementor-element elementor-element-59750a2 elementor-section-boxed elementor-section-height-default elementor-section-height-default\" data-id=\"59750a2\" data-element_type=\"section\" data-e-type=\"section\">\n\t\t\t\t\t\t<div class=\"elementor-container elementor-column-gap-default\">\n\t\t\t\t\t<div class=\"elementor-column elementor-col-33 elementor-top-column elementor-element elementor-element-7609ddf elementor-hidden-mobile\" data-id=\"7609ddf\" data-element_type=\"column\" data-e-type=\"column\">\n\t\t\t<div class=\"elementor-widget-wrap\">\n\t\t\t\t\t\t\t<\/div>\n\t\t<\/div>\n\t\t\t\t<div class=\"elementor-column elementor-col-33 elementor-top-column elementor-element elementor-element-f669fae\" data-id=\"f669fae\" data-element_type=\"column\" data-e-type=\"column\">\n\t\t\t<div class=\"elementor-widget-wrap elementor-element-populated\">\n\t\t\t\t\t\t<div class=\"elementor-element elementor-element-8329380 elementor-widget elementor-widget-heading\" data-id=\"8329380\" data-element_type=\"widget\" data-e-type=\"widget\" data-widget_type=\"heading.default\">\n\t\t\t\t<div class=\"elementor-widget-container\">\n\t\t\t\t\t<h2 class=\"elementor-heading-title elementor-size-default\">Conhe\u00e7a Donovan\n<\/h2>\t\t\t\t<\/div>\n\t\t\t\t<\/div>\n\t\t\t\t<div class=\"elementor-element elementor-element-10319fb elementor-widget elementor-widget-html\" data-id=\"10319fb\" data-element_type=\"widget\" data-e-type=\"widget\" data-widget_type=\"html.default\">\n\t\t\t\t<div class=\"elementor-widget-container\">\n\t\t\t\t\t<div style=\"background-color:#EA5348; width:6.5rem; height:0.5rem; border-radius:30rem;\">\n    \n<\/div>\t\t\t\t<\/div>\n\t\t\t\t<\/div>\n\t\t\t\t<div class=\"elementor-element elementor-element-835a909 elementor-widget__width-initial elementor-widget elementor-widget-text-editor\" data-id=\"835a909\" data-element_type=\"widget\" data-e-type=\"widget\" data-widget_type=\"text-editor.default\">\n\t\t\t\t<div class=\"elementor-widget-container\">\n\t\t\t\t\t\t\t\t\t                <p>Donovan \u00e9 Bacharel e Licenciado em Ci\u00eancias Biol\u00f3gicas pelo Instituto de Bioci\u00eancias (IB) da Universidade de S\u00e3o Paulo (USP), onde desenvolve suas pesquisas.<\/p><br><p>Monitor ambiental avan\u00e7ado certificado pelo Projeto Ecossistemas Costeiros da USP, com especializa\u00e7\u00e3o no modelo Trilha Global de Mudan\u00e7as Clim\u00e1ticas. Atua na \u00e1rea de Extens\u00e3o Universit\u00e1ria por meio da estrutura\u00e7\u00e3o de redes que interligam Universidades, Unidades de Conserva\u00e7\u00e3o e escolas p\u00fablicas do entorno, com o objetivo de capacitar professores e seus alunos em temas relacionados \u00e0 conserva\u00e7\u00e3o e sustentabilidade. <\/p><br><p>Ele leciona, com foco na melhoria da educa\u00e7\u00e3o p\u00fablica e na conscientiza\u00e7\u00e3o ambiental. \u00c9 membro do Grupo de Estudos sobre Sa\u00fade Planet\u00e1ria do Instituto de Estudos Avan\u00e7ados. <\/p><br><p>Cofundador e membro ativo do Clube Brasileiro de Sa\u00fade Planet\u00e1ria e do Clube Sudeste de Sa\u00fade Planet\u00e1ria. Mentor, membro ativo e colaborador do Projeto Sustentarea UFG (Universidade Federal de Goi\u00e1s). Embaixador e Mentor Jr. (Membro da Coordena\u00e7\u00e3o) do Programa Embaixadores da Sa\u00fade Planet\u00e1ria (2023) da Sa\u00fade Planet\u00e1ria Brasil.<\/p>\t\t\t\t\t\t\t\t<\/div>\n\t\t\t\t<\/div>\n\t\t\t\t\t<\/div>\n\t\t<\/div>\n\t\t\t\t<div class=\"elementor-column elementor-col-33 elementor-top-column elementor-element elementor-element-d00c430 elementor-hidden-mobile\" data-id=\"d00c430\" data-element_type=\"column\" data-e-type=\"column\">\n\t\t\t<div class=\"elementor-widget-wrap\">\n\t\t\t\t\t\t\t<\/div>\n\t\t<\/div>\n\t\t\t\t\t<\/div>\n\t\t<\/section>\n\t\t\t\t<section class=\"elementor-section elementor-top-section elementor-element elementor-element-c9d1443 elementor-section-boxed elementor-section-height-default elementor-section-height-default\" data-id=\"c9d1443\" data-element_type=\"section\" data-e-type=\"section\">\n\t\t\t\t\t\t<div class=\"elementor-container elementor-column-gap-default\">\n\t\t\t\t\t<div class=\"elementor-column elementor-col-100 elementor-top-column elementor-element elementor-element-5107f76\" data-id=\"5107f76\" data-element_type=\"column\" data-e-type=\"column\">\n\t\t\t<div class=\"elementor-widget-wrap elementor-element-populated\">\n\t\t\t\t\t\t<div class=\"elementor-element elementor-element-6ce4327 elementor-align-center e-transform elementor-widget elementor-widget-button\" data-id=\"6ce4327\" data-element_type=\"widget\" data-e-type=\"widget\" data-settings=\"{&quot;_transform_scale_effect_hover&quot;:{&quot;unit&quot;:&quot;px&quot;,&quot;size&quot;:1.05,&quot;sizes&quot;:[]},&quot;_transform_scale_effect_hover_tablet&quot;:{&quot;unit&quot;:&quot;px&quot;,&quot;size&quot;:&quot;&quot;,&quot;sizes&quot;:[]},&quot;_transform_scale_effect_hover_mobile_extra&quot;:{&quot;unit&quot;:&quot;px&quot;,&quot;size&quot;:&quot;&quot;,&quot;sizes&quot;:[]},&quot;_transform_scale_effect_hover_mobile&quot;:{&quot;unit&quot;:&quot;px&quot;,&quot;size&quot;:&quot;&quot;,&quot;sizes&quot;:[]}}\" data-widget_type=\"button.default\">\n\t\t\t\t<div class=\"elementor-widget-container\">\n\t\t\t\t\t\t\t\t\t<div class=\"elementor-button-wrapper\">\n\t\t\t\t\t<a class=\"elementor-button elementor-button-link elementor-size-sm\" href=\"https:\/\/girawa.org\/pt\/our-team\/\">\n\t\t\t\t\t\t<span class=\"elementor-button-content-wrapper\">\n\t\t\t\t\t\t<span class=\"elementor-button-icon\">\n\t\t\t\t<i aria-hidden=\"true\" class=\"fas fa-arrow-left\"><\/i>\t\t\t<\/span>\n\t\t\t\t\t\t\t\t\t<span class=\"elementor-button-text\">Voltar<\/span>\n\t\t\t\t\t<\/span>\n\t\t\t\t\t<\/a>\n\t\t\t\t<\/div>\n\t\t\t\t\t\t\t\t<\/div>\n\t\t\t\t<\/div>\n\t\t\t\t\t<\/div>\n\t\t<\/div>\n\t\t\t\t\t<\/div>\n\t\t<\/section>\n\t\t\t\t<\/div>","protected":false},"excerpt":{"rendered":"<p>Donovan Humphrey Franco Meet Donovan Donovan is Bachelor (Bachelor of Science) and Licensee in Biological Sciences from the Institute of [&hellip;]<\/p>\n","protected":false},"author":7,"featured_media":0,"parent":0,"menu_order":0,"comment_status":"closed","ping_status":"closed","template":"","meta":{"site-sidebar-layout":"no-sidebar","site-content-layout":"page-builder","ast-site-content-layout":"full-width-container","site-content-style":"default","site-sidebar-style":"default","ast-global-header-display":"","ast-banner-title-visibility":"","ast-main-header-display":"","ast-hfb-above-header-display":"","ast-hfb-below-header-display":"","ast-hfb-mobile-header-display":"","site-post-title":"disabled","ast-breadcrumbs-content":"","ast-featured-img":"disabled","footer-sml-layout":"","ast-disable-related-posts":"","theme-transparent-header-meta":"","adv-header-id-meta":"","stick-header-meta":"","header-above-stick-meta":"","header-main-stick-meta":"","header-below-stick-meta":"","astra-migrate-meta-layouts":"default","ast-page-background-enabled":"default","ast-page-background-meta":{"desktop":{"background-color":"var(--ast-global-color-4)","background-image":"","background-repeat":"repeat","background-position":"center center","background-size":"auto","background-attachment":"scroll","background-type":"","background-media":"","overlay-type":"","overlay-color":"","overlay-opacity":"","overlay-gradient":""},"tablet":{"background-color":"","background-image":"","background-repeat":"repeat","background-position":"center center","background-size":"auto","background-attachment":"scroll","background-type":"","background-media":"","overlay-type":"","overlay-color":"","overlay-opacity":"","overlay-gradient":""},"mobile":{"background-color":"","background-image":"","background-repeat":"repeat","background-position":"center center","background-size":"auto","background-attachment":"scroll","background-type":"","background-media":"","overlay-type":"","overlay-color":"","overlay-opacity":"","overlay-gradient":""}},"ast-content-background-meta":{"desktop":{"background-color":"var(--ast-global-color-5)","background-image":"","background-repeat":"repeat","background-position":"center center","background-size":"auto","background-attachment":"scroll","background-type":"","background-media":"","overlay-type":"","overlay-color":"","overlay-opacity":"","overlay-gradient":""},"tablet":{"background-color":"var(--ast-global-color-5)","background-image":"","background-repeat":"repeat","background-position":"center center","background-size":"auto","background-attachment":"scroll","background-type":"","background-media":"","overlay-type":"","overlay-color":"","overlay-opacity":"","overlay-gradient":""},"mobile":{"background-color":"var(--ast-global-color-5)","background-image":"","background-repeat":"repeat","background-position":"center center","background-size":"auto","background-attachment":"scroll","background-type":"","background-media":"","overlay-type":"","overlay-color":"","overlay-opacity":"","overlay-gradient":""}},"footnotes":""},"class_list":["post-4500","page","type-page","status-publish","hentry"],"yoast_head":"<!-- This site is optimized with the Yoast SEO plugin v27.5 - https:\/\/yoast.com\/product\/yoast-seo-wordpress\/ -->\n<title>Meet Donovan - Girawa<\/title>\n<meta name=\"robots\" content=\"index, follow, max-snippet:-1, max-image-preview:large, max-video-preview:-1\" \/>\n<link rel=\"canonical\" href=\"https:\/\/girawa.org\/pt\/donovan\/\" \/>\n<meta property=\"og:locale\" content=\"pt_BR\" \/>\n<meta property=\"og:type\" content=\"article\" \/>\n<meta property=\"og:title\" content=\"Meet Donovan - Girawa\" \/>\n<meta property=\"og:description\" content=\"Donovan Humphrey Franco Meet Donovan Donovan is Bachelor (Bachelor of Science) and Licensee in Biological Sciences from the Institute of [&hellip;]\" \/>\n<meta property=\"og:url\" content=\"https:\/\/girawa.org\/pt\/donovan\/\" \/>\n<meta property=\"og:site_name\" content=\"Girawa\" \/>\n<meta property=\"article:publisher\" content=\"https:\/\/www.facebook.com\/GirawaOrg\/\" \/>\n<meta property=\"article:modified_time\" content=\"2025-08-09T11:22:03+00:00\" \/>\n<meta property=\"og:image\" content=\"https:\/\/girawa.org\/wp-content\/uploads\/2024\/04\/IMG-20240427-WA0002-scaled-e1714237077570.jpg\" \/>\n\t<meta property=\"og:image:width\" content=\"1049\" \/>\n\t<meta property=\"og:image:height\" content=\"1049\" \/>\n\t<meta property=\"og:image:type\" content=\"image\/jpeg\" \/>\n<meta name=\"twitter:card\" content=\"summary_large_image\" \/>\n<meta name=\"twitter:site\" content=\"@GirawaOrg\" \/>\n<meta name=\"twitter:label1\" content=\"Est. tempo de leitura\" \/>\n\t<meta name=\"twitter:data1\" content=\"1 minuto\" \/>\n<script type=\"application\/ld+json\" class=\"yoast-schema-graph\">{\"@context\":\"https:\\\/\\\/schema.org\",\"@graph\":[{\"@type\":\"WebPage\",\"@id\":\"https:\\\/\\\/girawa.org\\\/donovan\\\/\",\"url\":\"https:\\\/\\\/girawa.org\\\/donovan\\\/\",\"name\":\"Meet Donovan - Girawa\",\"isPartOf\":{\"@id\":\"https:\\\/\\\/girawa.org\\\/#website\"},\"primaryImageOfPage\":{\"@id\":\"https:\\\/\\\/girawa.org\\\/donovan\\\/#primaryimage\"},\"image\":{\"@id\":\"https:\\\/\\\/girawa.org\\\/donovan\\\/#primaryimage\"},\"thumbnailUrl\":\"https:\\\/\\\/girawa.org\\\/wp-content\\\/uploads\\\/2024\\\/04\\\/IMG-20240427-WA0002-scaled-e1714237077570.jpg\",\"datePublished\":\"2025-07-11T16:09:04+00:00\",\"dateModified\":\"2025-08-09T11:22:03+00:00\",\"breadcrumb\":{\"@id\":\"https:\\\/\\\/girawa.org\\\/donovan\\\/#breadcrumb\"},\"inLanguage\":\"pt-BR\",\"potentialAction\":[{\"@type\":\"ReadAction\",\"target\":[\"https:\\\/\\\/girawa.org\\\/donovan\\\/\"]}]},{\"@type\":\"ImageObject\",\"inLanguage\":\"pt-BR\",\"@id\":\"https:\\\/\\\/girawa.org\\\/donovan\\\/#primaryimage\",\"url\":\"https:\\\/\\\/girawa.org\\\/wp-content\\\/uploads\\\/2024\\\/04\\\/IMG-20240427-WA0002-scaled-e1714237077570.jpg\",\"contentUrl\":\"https:\\\/\\\/girawa.org\\\/wp-content\\\/uploads\\\/2024\\\/04\\\/IMG-20240427-WA0002-scaled-e1714237077570.jpg\"},{\"@type\":\"BreadcrumbList\",\"@id\":\"https:\\\/\\\/girawa.org\\\/donovan\\\/#breadcrumb\",\"itemListElement\":[{\"@type\":\"ListItem\",\"position\":1,\"name\":\"Home\",\"item\":\"https:\\\/\\\/girawa.org\\\/\"},{\"@type\":\"ListItem\",\"position\":2,\"name\":\"Meet Donovan\"}]},{\"@type\":\"WebSite\",\"@id\":\"https:\\\/\\\/girawa.org\\\/#website\",\"url\":\"https:\\\/\\\/girawa.org\\\/\",\"name\":\"Girawa\",\"description\":\"Planetary Health at the Core of Education\",\"publisher\":{\"@id\":\"https:\\\/\\\/girawa.org\\\/#organization\"},\"potentialAction\":[{\"@type\":\"SearchAction\",\"target\":{\"@type\":\"EntryPoint\",\"urlTemplate\":\"https:\\\/\\\/girawa.org\\\/?s={search_term_string}\"},\"query-input\":{\"@type\":\"PropertyValueSpecification\",\"valueRequired\":true,\"valueName\":\"search_term_string\"}}],\"inLanguage\":\"pt-BR\"},{\"@type\":\"Organization\",\"@id\":\"https:\\\/\\\/girawa.org\\\/#organization\",\"name\":\"Girawa\",\"url\":\"https:\\\/\\\/girawa.org\\\/\",\"logo\":{\"@type\":\"ImageObject\",\"inLanguage\":\"pt-BR\",\"@id\":\"https:\\\/\\\/girawa.org\\\/#\\\/schema\\\/logo\\\/image\\\/\",\"url\":\"https:\\\/\\\/girawa.org\\\/wp-content\\\/uploads\\\/2021\\\/03\\\/cropped-clear-logo.png\",\"contentUrl\":\"https:\\\/\\\/girawa.org\\\/wp-content\\\/uploads\\\/2021\\\/03\\\/cropped-clear-logo.png\",\"width\":1431,\"height\":666,\"caption\":\"Girawa\"},\"image\":{\"@id\":\"https:\\\/\\\/girawa.org\\\/#\\\/schema\\\/logo\\\/image\\\/\"},\"sameAs\":[\"https:\\\/\\\/www.facebook.com\\\/GirawaOrg\\\/\",\"https:\\\/\\\/x.com\\\/GirawaOrg\",\"https:\\\/\\\/www.instagram.com\\\/girawaorg\"]}]}<\/script>\n<!-- \/ Yoast SEO plugin. -->","yoast_head_json":{"title":"Meet Donovan - Girawa","robots":{"index":"index","follow":"follow","max-snippet":"max-snippet:-1","max-image-preview":"max-image-preview:large","max-video-preview":"max-video-preview:-1"},"canonical":"https:\/\/girawa.org\/pt\/donovan\/","og_locale":"pt_BR","og_type":"article","og_title":"Meet Donovan - Girawa","og_description":"Donovan Humphrey Franco Meet Donovan Donovan is Bachelor (Bachelor of Science) and Licensee in Biological Sciences from the Institute of [&hellip;]","og_url":"https:\/\/girawa.org\/pt\/donovan\/","og_site_name":"Girawa","article_publisher":"https:\/\/www.facebook.com\/GirawaOrg\/","article_modified_time":"2025-08-09T11:22:03+00:00","og_image":[{"width":1049,"height":1049,"url":"https:\/\/girawa.org\/wp-content\/uploads\/2024\/04\/IMG-20240427-WA0002-scaled-e1714237077570.jpg","type":"image\/jpeg"}],"twitter_card":"summary_large_image","twitter_site":"@GirawaOrg","twitter_misc":{"Est. tempo de leitura":"1 minuto"},"schema":{"@context":"https:\/\/schema.org","@graph":[{"@type":"WebPage","@id":"https:\/\/girawa.org\/donovan\/","url":"https:\/\/girawa.org\/donovan\/","name":"Meet Donovan - Girawa","isPartOf":{"@id":"https:\/\/girawa.org\/#website"},"primaryImageOfPage":{"@id":"https:\/\/girawa.org\/donovan\/#primaryimage"},"image":{"@id":"https:\/\/girawa.org\/donovan\/#primaryimage"},"thumbnailUrl":"https:\/\/girawa.org\/wp-content\/uploads\/2024\/04\/IMG-20240427-WA0002-scaled-e1714237077570.jpg","datePublished":"2025-07-11T16:09:04+00:00","dateModified":"2025-08-09T11:22:03+00:00","breadcrumb":{"@id":"https:\/\/girawa.org\/donovan\/#breadcrumb"},"inLanguage":"pt-BR","potentialAction":[{"@type":"ReadAction","target":["https:\/\/girawa.org\/donovan\/"]}]},{"@type":"ImageObject","inLanguage":"pt-BR","@id":"https:\/\/girawa.org\/donovan\/#primaryimage","url":"https:\/\/girawa.org\/wp-content\/uploads\/2024\/04\/IMG-20240427-WA0002-scaled-e1714237077570.jpg","contentUrl":"https:\/\/girawa.org\/wp-content\/uploads\/2024\/04\/IMG-20240427-WA0002-scaled-e1714237077570.jpg"},{"@type":"BreadcrumbList","@id":"https:\/\/girawa.org\/donovan\/#breadcrumb","itemListElement":[{"@type":"ListItem","position":1,"name":"Home","item":"https:\/\/girawa.org\/"},{"@type":"ListItem","position":2,"name":"Meet Donovan"}]},{"@type":"WebSite","@id":"https:\/\/girawa.org\/#website","url":"https:\/\/girawa.org\/","name":"Girawa","description":"Planetary Health at the Core of Education","publisher":{"@id":"https:\/\/girawa.org\/#organization"},"potentialAction":[{"@type":"SearchAction","target":{"@type":"EntryPoint","urlTemplate":"https:\/\/girawa.org\/?s={search_term_string}"},"query-input":{"@type":"PropertyValueSpecification","valueRequired":true,"valueName":"search_term_string"}}],"inLanguage":"pt-BR"},{"@type":"Organization","@id":"https:\/\/girawa.org\/#organization","name":"Girawa","url":"https:\/\/girawa.org\/","logo":{"@type":"ImageObject","inLanguage":"pt-BR","@id":"https:\/\/girawa.org\/#\/schema\/logo\/image\/","url":"https:\/\/girawa.org\/wp-content\/uploads\/2021\/03\/cropped-clear-logo.png","contentUrl":"https:\/\/girawa.org\/wp-content\/uploads\/2021\/03\/cropped-clear-logo.png","width":1431,"height":666,"caption":"Girawa"},"image":{"@id":"https:\/\/girawa.org\/#\/schema\/logo\/image\/"},"sameAs":["https:\/\/www.facebook.com\/GirawaOrg\/","https:\/\/x.com\/GirawaOrg","https:\/\/www.instagram.com\/girawaorg"]}]}},"_links":{"self":[{"href":"https:\/\/girawa.org\/pt\/wp-json\/wp\/v2\/pages\/4500","targetHints":{"allow":["GET"]}}],"collection":[{"href":"https:\/\/girawa.org\/pt\/wp-json\/wp\/v2\/pages"}],"about":[{"href":"https:\/\/girawa.org\/pt\/wp-json\/wp\/v2\/types\/page"}],"author":[{"embeddable":true,"href":"https:\/\/girawa.org\/pt\/wp-json\/wp\/v2\/users\/7"}],"replies":[{"embeddable":true,"href":"https:\/\/girawa.org\/pt\/wp-json\/wp\/v2\/comments?post=4500"}],"version-history":[{"count":11,"href":"https:\/\/girawa.org\/pt\/wp-json\/wp\/v2\/pages\/4500\/revisions"}],"predecessor-version":[{"id":4831,"href":"https:\/\/girawa.org\/pt\/wp-json\/wp\/v2\/pages\/4500\/revisions\/4831"}],"wp:attachment":[{"href":"https:\/\/girawa.org\/pt\/wp-json\/wp\/v2\/media?parent=4500"}],"curies":[{"name":"wp","href":"https:\/\/api.w.org\/{rel}","templated":true}]}}