{"id":4494,"date":"2025-07-11T17:06:58","date_gmt":"2025-07-11T16:06:58","guid":{"rendered":"https:\/\/girawa.org\/?page_id=4494"},"modified":"2025-08-09T12:10:50","modified_gmt":"2025-08-09T11:10:50","slug":"heshawa","status":"publish","type":"page","link":"https:\/\/girawa.org\/pt\/heshawa\/","title":{"rendered":"Conhe\u00e7a Heshawa"},"content":{"rendered":"<div data-elementor-type=\"wp-post\" data-elementor-id=\"4494\" class=\"elementor elementor-4494\">\n\t\t\t\t\t\t<footer class=\"elementor-section elementor-top-section elementor-element elementor-element-35be94d elementor-section-full_width elementor-section-height-default elementor-section-height-default\" data-id=\"35be94d\" data-element_type=\"section\" data-e-type=\"section\">\n\t\t\t\t\t\t<div class=\"elementor-container elementor-column-gap-default\">\n\t\t\t\t\t<div class=\"elementor-column elementor-col-100 elementor-top-column elementor-element elementor-element-98e5952\" data-id=\"98e5952\" data-element_type=\"column\" data-e-type=\"column\">\n\t\t\t<div class=\"elementor-widget-wrap elementor-element-populated\">\n\t\t\t\t\t\t<section class=\"elementor-section elementor-inner-section elementor-element elementor-element-14df38e elementor-section-boxed elementor-section-height-default elementor-section-height-default\" data-id=\"14df38e\" data-element_type=\"section\" data-e-type=\"section\">\n\t\t\t\t\t\t<div class=\"elementor-container elementor-column-gap-default\">\n\t\t\t\t\t<div class=\"elementor-column elementor-col-50 elementor-inner-column elementor-element elementor-element-13ca479\" data-id=\"13ca479\" data-element_type=\"column\" data-e-type=\"column\">\n\t\t\t<div class=\"elementor-widget-wrap elementor-element-populated\">\n\t\t\t\t\t\t<div class=\"elementor-element elementor-element-b180a0e elementor-widget elementor-widget-image\" data-id=\"b180a0e\" data-element_type=\"widget\" data-e-type=\"widget\" data-widget_type=\"image.default\">\n\t\t\t\t<div class=\"elementor-widget-container\">\n\t\t\t\t\t\t\t\t\t\t\t\t\t\t\t<img fetchpriority=\"high\" decoding=\"async\" width=\"561\" height=\"460\" src=\"https:\/\/girawa.org\/wp-content\/uploads\/2023\/03\/Hesh-bio-pic-e1680983663591.jpg\" class=\"attachment-full size-full wp-image-1990\" alt=\"Heshawa\" srcset=\"https:\/\/girawa.org\/wp-content\/uploads\/2023\/03\/Hesh-bio-pic-e1680983663591.jpg 561w, https:\/\/girawa.org\/wp-content\/uploads\/2023\/03\/Hesh-bio-pic-e1680983663591-300x246.jpg 300w\" sizes=\"(max-width: 561px) 100vw, 561px\" \/>\t\t\t\t\t\t\t\t\t\t\t\t\t\t\t<\/div>\n\t\t\t\t<\/div>\n\t\t\t\t\t<\/div>\n\t\t<\/div>\n\t\t\t\t<div class=\"elementor-column elementor-col-50 elementor-inner-column elementor-element elementor-element-6b43ca8\" data-id=\"6b43ca8\" data-element_type=\"column\" data-e-type=\"column\">\n\t\t\t<div class=\"elementor-widget-wrap elementor-element-populated\">\n\t\t\t\t\t\t<div class=\"elementor-element elementor-element-27a4bb8 elementor-widget-mobile_extra__width-initial e-transform elementor-widget elementor-widget-heading\" data-id=\"27a4bb8\" data-element_type=\"widget\" data-e-type=\"widget\" data-settings=\"{&quot;_transform_scale_effect_mobile_extra&quot;:{&quot;unit&quot;:&quot;px&quot;,&quot;size&quot;:0.8,&quot;sizes&quot;:[]},&quot;_transform_scale_effect&quot;:{&quot;unit&quot;:&quot;px&quot;,&quot;size&quot;:&quot;&quot;,&quot;sizes&quot;:[]},&quot;_transform_scale_effect_tablet&quot;:{&quot;unit&quot;:&quot;px&quot;,&quot;size&quot;:&quot;&quot;,&quot;sizes&quot;:[]},&quot;_transform_scale_effect_mobile&quot;:{&quot;unit&quot;:&quot;px&quot;,&quot;size&quot;:&quot;&quot;,&quot;sizes&quot;:[]}}\" data-widget_type=\"heading.default\">\n\t\t\t\t<div class=\"elementor-widget-container\">\n\t\t\t\t\t<h1 class=\"elementor-heading-title elementor-size-default\">Heshawa Abayatilaka<\/h1>\t\t\t\t<\/div>\n\t\t\t\t<\/div>\n\t\t\t\t<div class=\"elementor-element elementor-element-f9ae75d elementor-widget elementor-widget-html\" data-id=\"f9ae75d\" data-element_type=\"widget\" data-e-type=\"widget\" data-widget_type=\"html.default\">\n\t\t\t\t<div class=\"elementor-widget-container\">\n\t\t\t\t\t<div style=\"background-color:#EA5348; width:6.5rem; height:0.5rem; border-radius:30rem;\">\n    \n<\/div>\t\t\t\t<\/div>\n\t\t\t\t<\/div>\n\t\t\t\t\t<\/div>\n\t\t<\/div>\n\t\t\t\t\t<\/div>\n\t\t<\/section>\n\t\t\t\t\t<\/div>\n\t\t<\/div>\n\t\t\t\t\t<\/div>\n\t\t<\/footer>\n\t\t\t\t<section class=\"elementor-section elementor-top-section elementor-element elementor-element-02e3d89 elementor-section-boxed elementor-section-height-default elementor-section-height-default\" data-id=\"02e3d89\" data-element_type=\"section\" data-e-type=\"section\">\n\t\t\t\t\t\t<div class=\"elementor-container elementor-column-gap-default\">\n\t\t\t\t\t<div class=\"elementor-column elementor-col-33 elementor-top-column elementor-element elementor-element-377aa99 elementor-hidden-mobile\" data-id=\"377aa99\" data-element_type=\"column\" data-e-type=\"column\">\n\t\t\t<div class=\"elementor-widget-wrap\">\n\t\t\t\t\t\t\t<\/div>\n\t\t<\/div>\n\t\t\t\t<div class=\"elementor-column elementor-col-33 elementor-top-column elementor-element elementor-element-87768f7\" data-id=\"87768f7\" data-element_type=\"column\" data-e-type=\"column\">\n\t\t\t<div class=\"elementor-widget-wrap elementor-element-populated\">\n\t\t\t\t\t\t<div class=\"elementor-element elementor-element-86796c3 elementor-widget elementor-widget-heading\" data-id=\"86796c3\" data-element_type=\"widget\" data-e-type=\"widget\" data-widget_type=\"heading.default\">\n\t\t\t\t<div class=\"elementor-widget-container\">\n\t\t\t\t\t<h2 class=\"elementor-heading-title elementor-size-default\">Conhe\u00e7a Heshawa<\/h2>\t\t\t\t<\/div>\n\t\t\t\t<\/div>\n\t\t\t\t<div class=\"elementor-element elementor-element-3dd23f0 elementor-widget elementor-widget-html\" data-id=\"3dd23f0\" data-element_type=\"widget\" data-e-type=\"widget\" data-widget_type=\"html.default\">\n\t\t\t\t<div class=\"elementor-widget-container\">\n\t\t\t\t\t<div style=\"background-color:#EA5348; width:6.5rem; height:0.5rem; border-radius:30rem;\">\n    \n<\/div>\t\t\t\t<\/div>\n\t\t\t\t<\/div>\n\t\t\t\t<div class=\"elementor-element elementor-element-ae6e867 elementor-widget__width-initial elementor-widget elementor-widget-text-editor\" data-id=\"ae6e867\" data-element_type=\"widget\" data-e-type=\"widget\" data-widget_type=\"text-editor.default\">\n\t\t\t\t<div class=\"elementor-widget-container\">\n\t\t\t\t\t\t\t\t\t                <p>Heshawa \u00e9 consultor geoambiental e trabalha na divis\u00e3o de geoci\u00eancias do RSK Group. Formou-se em Geologia pela University College London e continua seu desenvolvimento para se tornar um ge\u00f3logo credenciado.<\/p>\n                <br>\n                <p> Heshawa esteve envolvido em v\u00e1rios projetos de desenvolvimento, encontrando e implementando solu\u00e7\u00f5es para v\u00e1rios problemas de contamina\u00e7\u00e3o em todo o Reino Unido. <\/p>\n                <br>\n                <p>Com afinidade pelo mundo natural desde jovem, ele se juntou \u00e0 Girawa para fazer sua parte no futuro das mentes da pr\u00f3xima gera\u00e7\u00e3o e do planeta que ele deixar\u00e1 para tr\u00e1s.<\/p>\t\t\t\t\t\t\t\t<\/div>\n\t\t\t\t<\/div>\n\t\t\t\t\t<\/div>\n\t\t<\/div>\n\t\t\t\t<div class=\"elementor-column elementor-col-33 elementor-top-column elementor-element elementor-element-f3a796d elementor-hidden-mobile\" data-id=\"f3a796d\" data-element_type=\"column\" data-e-type=\"column\">\n\t\t\t<div class=\"elementor-widget-wrap\">\n\t\t\t\t\t\t\t<\/div>\n\t\t<\/div>\n\t\t\t\t\t<\/div>\n\t\t<\/section>\n\t\t\t\t<section class=\"elementor-section elementor-top-section elementor-element elementor-element-587faea elementor-section-boxed elementor-section-height-default elementor-section-height-default\" data-id=\"587faea\" data-element_type=\"section\" data-e-type=\"section\">\n\t\t\t\t\t\t<div class=\"elementor-container elementor-column-gap-default\">\n\t\t\t\t\t<div class=\"elementor-column elementor-col-100 elementor-top-column elementor-element elementor-element-1f2cec0\" data-id=\"1f2cec0\" data-element_type=\"column\" data-e-type=\"column\">\n\t\t\t<div class=\"elementor-widget-wrap elementor-element-populated\">\n\t\t\t\t\t\t<div class=\"elementor-element elementor-element-b353684 elementor-align-center e-transform elementor-widget elementor-widget-button\" data-id=\"b353684\" data-element_type=\"widget\" data-e-type=\"widget\" data-settings=\"{&quot;_transform_scale_effect_hover&quot;:{&quot;unit&quot;:&quot;px&quot;,&quot;size&quot;:1.05,&quot;sizes&quot;:[]},&quot;_transform_scale_effect_hover_tablet&quot;:{&quot;unit&quot;:&quot;px&quot;,&quot;size&quot;:&quot;&quot;,&quot;sizes&quot;:[]},&quot;_transform_scale_effect_hover_mobile_extra&quot;:{&quot;unit&quot;:&quot;px&quot;,&quot;size&quot;:&quot;&quot;,&quot;sizes&quot;:[]},&quot;_transform_scale_effect_hover_mobile&quot;:{&quot;unit&quot;:&quot;px&quot;,&quot;size&quot;:&quot;&quot;,&quot;sizes&quot;:[]}}\" data-widget_type=\"button.default\">\n\t\t\t\t<div class=\"elementor-widget-container\">\n\t\t\t\t\t\t\t\t\t<div class=\"elementor-button-wrapper\">\n\t\t\t\t\t<a class=\"elementor-button elementor-button-link elementor-size-sm\" href=\"https:\/\/girawa.org\/pt\/our-team\/\">\n\t\t\t\t\t\t<span class=\"elementor-button-content-wrapper\">\n\t\t\t\t\t\t<span class=\"elementor-button-icon\">\n\t\t\t\t<i aria-hidden=\"true\" class=\"fas fa-arrow-left\"><\/i>\t\t\t<\/span>\n\t\t\t\t\t\t\t\t\t<span class=\"elementor-button-text\">Voltar<\/span>\n\t\t\t\t\t<\/span>\n\t\t\t\t\t<\/a>\n\t\t\t\t<\/div>\n\t\t\t\t\t\t\t\t<\/div>\n\t\t\t\t<\/div>\n\t\t\t\t\t<\/div>\n\t\t<\/div>\n\t\t\t\t\t<\/div>\n\t\t<\/section>\n\t\t\t\t<\/div>","protected":false},"excerpt":{"rendered":"<p>Heshawa Abayatilaka Meet Heshawa Heshawa is a Geo-environmental Consultant working within the geosciences division at RSK Group. He graduated University [&hellip;]<\/p>\n","protected":false},"author":7,"featured_media":0,"parent":0,"menu_order":0,"comment_status":"closed","ping_status":"closed","template":"","meta":{"site-sidebar-layout":"no-sidebar","site-content-layout":"page-builder","ast-site-content-layout":"full-width-container","site-content-style":"default","site-sidebar-style":"default","ast-global-header-display":"","ast-banner-title-visibility":"","ast-main-header-display":"","ast-hfb-above-header-display":"","ast-hfb-below-header-display":"","ast-hfb-mobile-header-display":"","site-post-title":"disabled","ast-breadcrumbs-content":"","ast-featured-img":"disabled","footer-sml-layout":"","ast-disable-related-posts":"","theme-transparent-header-meta":"","adv-header-id-meta":"","stick-header-meta":"","header-above-stick-meta":"","header-main-stick-meta":"","header-below-stick-meta":"","astra-migrate-meta-layouts":"default","ast-page-background-enabled":"default","ast-page-background-meta":{"desktop":{"background-color":"var(--ast-global-color-4)","background-image":"","background-repeat":"repeat","background-position":"center center","background-size":"auto","background-attachment":"scroll","background-type":"","background-media":"","overlay-type":"","overlay-color":"","overlay-opacity":"","overlay-gradient":""},"tablet":{"background-color":"","background-image":"","background-repeat":"repeat","background-position":"center center","background-size":"auto","background-attachment":"scroll","background-type":"","background-media":"","overlay-type":"","overlay-color":"","overlay-opacity":"","overlay-gradient":""},"mobile":{"background-color":"","background-image":"","background-repeat":"repeat","background-position":"center center","background-size":"auto","background-attachment":"scroll","background-type":"","background-media":"","overlay-type":"","overlay-color":"","overlay-opacity":"","overlay-gradient":""}},"ast-content-background-meta":{"desktop":{"background-color":"var(--ast-global-color-5)","background-image":"","background-repeat":"repeat","background-position":"center center","background-size":"auto","background-attachment":"scroll","background-type":"","background-media":"","overlay-type":"","overlay-color":"","overlay-opacity":"","overlay-gradient":""},"tablet":{"background-color":"var(--ast-global-color-5)","background-image":"","background-repeat":"repeat","background-position":"center center","background-size":"auto","background-attachment":"scroll","background-type":"","background-media":"","overlay-type":"","overlay-color":"","overlay-opacity":"","overlay-gradient":""},"mobile":{"background-color":"var(--ast-global-color-5)","background-image":"","background-repeat":"repeat","background-position":"center center","background-size":"auto","background-attachment":"scroll","background-type":"","background-media":"","overlay-type":"","overlay-color":"","overlay-opacity":"","overlay-gradient":""}},"footnotes":""},"class_list":["post-4494","page","type-page","status-publish","hentry"],"yoast_head":"<!-- This site is optimized with the Yoast SEO plugin v27.4 - https:\/\/yoast.com\/product\/yoast-seo-wordpress\/ -->\n<title>Meet Heshawa - Girawa<\/title>\n<meta name=\"robots\" content=\"index, follow, max-snippet:-1, max-image-preview:large, max-video-preview:-1\" \/>\n<link rel=\"canonical\" href=\"https:\/\/girawa.org\/pt\/heshawa\/\" \/>\n<meta property=\"og:locale\" content=\"pt_BR\" \/>\n<meta property=\"og:type\" content=\"article\" \/>\n<meta property=\"og:title\" content=\"Meet Heshawa - Girawa\" \/>\n<meta property=\"og:description\" content=\"Heshawa Abayatilaka Meet Heshawa Heshawa is a Geo-environmental Consultant working within the geosciences division at RSK Group. He graduated University [&hellip;]\" \/>\n<meta property=\"og:url\" content=\"https:\/\/girawa.org\/pt\/heshawa\/\" \/>\n<meta property=\"og:site_name\" content=\"Girawa\" \/>\n<meta property=\"article:publisher\" content=\"https:\/\/www.facebook.com\/GirawaOrg\/\" \/>\n<meta property=\"article:modified_time\" content=\"2025-08-09T11:10:50+00:00\" \/>\n<meta property=\"og:image\" content=\"https:\/\/girawa.org\/wp-content\/uploads\/2023\/03\/Hesh-bio-pic-e1680983663591.jpg\" \/>\n\t<meta property=\"og:image:width\" content=\"561\" \/>\n\t<meta property=\"og:image:height\" content=\"460\" \/>\n\t<meta property=\"og:image:type\" content=\"image\/jpeg\" \/>\n<meta name=\"twitter:card\" content=\"summary_large_image\" \/>\n<meta name=\"twitter:site\" content=\"@GirawaOrg\" \/>\n<meta name=\"twitter:label1\" content=\"Est. tempo de leitura\" \/>\n\t<meta name=\"twitter:data1\" content=\"1 minuto\" \/>\n<script type=\"application\/ld+json\" class=\"yoast-schema-graph\">{\"@context\":\"https:\\\/\\\/schema.org\",\"@graph\":[{\"@type\":\"WebPage\",\"@id\":\"https:\\\/\\\/girawa.org\\\/heshawa\\\/\",\"url\":\"https:\\\/\\\/girawa.org\\\/heshawa\\\/\",\"name\":\"Meet Heshawa - Girawa\",\"isPartOf\":{\"@id\":\"https:\\\/\\\/girawa.org\\\/#website\"},\"primaryImageOfPage\":{\"@id\":\"https:\\\/\\\/girawa.org\\\/heshawa\\\/#primaryimage\"},\"image\":{\"@id\":\"https:\\\/\\\/girawa.org\\\/heshawa\\\/#primaryimage\"},\"thumbnailUrl\":\"https:\\\/\\\/girawa.org\\\/wp-content\\\/uploads\\\/2023\\\/03\\\/Hesh-bio-pic-e1680983663591.jpg\",\"datePublished\":\"2025-07-11T16:06:58+00:00\",\"dateModified\":\"2025-08-09T11:10:50+00:00\",\"breadcrumb\":{\"@id\":\"https:\\\/\\\/girawa.org\\\/heshawa\\\/#breadcrumb\"},\"inLanguage\":\"pt-BR\",\"potentialAction\":[{\"@type\":\"ReadAction\",\"target\":[\"https:\\\/\\\/girawa.org\\\/heshawa\\\/\"]}]},{\"@type\":\"ImageObject\",\"inLanguage\":\"pt-BR\",\"@id\":\"https:\\\/\\\/girawa.org\\\/heshawa\\\/#primaryimage\",\"url\":\"https:\\\/\\\/girawa.org\\\/wp-content\\\/uploads\\\/2023\\\/03\\\/Hesh-bio-pic-e1680983663591.jpg\",\"contentUrl\":\"https:\\\/\\\/girawa.org\\\/wp-content\\\/uploads\\\/2023\\\/03\\\/Hesh-bio-pic-e1680983663591.jpg\"},{\"@type\":\"BreadcrumbList\",\"@id\":\"https:\\\/\\\/girawa.org\\\/heshawa\\\/#breadcrumb\",\"itemListElement\":[{\"@type\":\"ListItem\",\"position\":1,\"name\":\"Home\",\"item\":\"https:\\\/\\\/girawa.org\\\/\"},{\"@type\":\"ListItem\",\"position\":2,\"name\":\"Meet Heshawa\"}]},{\"@type\":\"WebSite\",\"@id\":\"https:\\\/\\\/girawa.org\\\/#website\",\"url\":\"https:\\\/\\\/girawa.org\\\/\",\"name\":\"Girawa\",\"description\":\"Planetary Health at the Core of Education\",\"publisher\":{\"@id\":\"https:\\\/\\\/girawa.org\\\/#organization\"},\"potentialAction\":[{\"@type\":\"SearchAction\",\"target\":{\"@type\":\"EntryPoint\",\"urlTemplate\":\"https:\\\/\\\/girawa.org\\\/?s={search_term_string}\"},\"query-input\":{\"@type\":\"PropertyValueSpecification\",\"valueRequired\":true,\"valueName\":\"search_term_string\"}}],\"inLanguage\":\"pt-BR\"},{\"@type\":\"Organization\",\"@id\":\"https:\\\/\\\/girawa.org\\\/#organization\",\"name\":\"Girawa\",\"url\":\"https:\\\/\\\/girawa.org\\\/\",\"logo\":{\"@type\":\"ImageObject\",\"inLanguage\":\"pt-BR\",\"@id\":\"https:\\\/\\\/girawa.org\\\/#\\\/schema\\\/logo\\\/image\\\/\",\"url\":\"https:\\\/\\\/girawa.org\\\/wp-content\\\/uploads\\\/2021\\\/03\\\/cropped-clear-logo.png\",\"contentUrl\":\"https:\\\/\\\/girawa.org\\\/wp-content\\\/uploads\\\/2021\\\/03\\\/cropped-clear-logo.png\",\"width\":1431,\"height\":666,\"caption\":\"Girawa\"},\"image\":{\"@id\":\"https:\\\/\\\/girawa.org\\\/#\\\/schema\\\/logo\\\/image\\\/\"},\"sameAs\":[\"https:\\\/\\\/www.facebook.com\\\/GirawaOrg\\\/\",\"https:\\\/\\\/x.com\\\/GirawaOrg\",\"https:\\\/\\\/www.instagram.com\\\/girawaorg\"]}]}<\/script>\n<!-- \/ Yoast SEO plugin. -->","yoast_head_json":{"title":"Meet Heshawa - Girawa","robots":{"index":"index","follow":"follow","max-snippet":"max-snippet:-1","max-image-preview":"max-image-preview:large","max-video-preview":"max-video-preview:-1"},"canonical":"https:\/\/girawa.org\/pt\/heshawa\/","og_locale":"pt_BR","og_type":"article","og_title":"Meet Heshawa - Girawa","og_description":"Heshawa Abayatilaka Meet Heshawa Heshawa is a Geo-environmental Consultant working within the geosciences division at RSK Group. He graduated University [&hellip;]","og_url":"https:\/\/girawa.org\/pt\/heshawa\/","og_site_name":"Girawa","article_publisher":"https:\/\/www.facebook.com\/GirawaOrg\/","article_modified_time":"2025-08-09T11:10:50+00:00","og_image":[{"width":561,"height":460,"url":"https:\/\/girawa.org\/wp-content\/uploads\/2023\/03\/Hesh-bio-pic-e1680983663591.jpg","type":"image\/jpeg"}],"twitter_card":"summary_large_image","twitter_site":"@GirawaOrg","twitter_misc":{"Est. tempo de leitura":"1 minuto"},"schema":{"@context":"https:\/\/schema.org","@graph":[{"@type":"WebPage","@id":"https:\/\/girawa.org\/heshawa\/","url":"https:\/\/girawa.org\/heshawa\/","name":"Meet Heshawa - Girawa","isPartOf":{"@id":"https:\/\/girawa.org\/#website"},"primaryImageOfPage":{"@id":"https:\/\/girawa.org\/heshawa\/#primaryimage"},"image":{"@id":"https:\/\/girawa.org\/heshawa\/#primaryimage"},"thumbnailUrl":"https:\/\/girawa.org\/wp-content\/uploads\/2023\/03\/Hesh-bio-pic-e1680983663591.jpg","datePublished":"2025-07-11T16:06:58+00:00","dateModified":"2025-08-09T11:10:50+00:00","breadcrumb":{"@id":"https:\/\/girawa.org\/heshawa\/#breadcrumb"},"inLanguage":"pt-BR","potentialAction":[{"@type":"ReadAction","target":["https:\/\/girawa.org\/heshawa\/"]}]},{"@type":"ImageObject","inLanguage":"pt-BR","@id":"https:\/\/girawa.org\/heshawa\/#primaryimage","url":"https:\/\/girawa.org\/wp-content\/uploads\/2023\/03\/Hesh-bio-pic-e1680983663591.jpg","contentUrl":"https:\/\/girawa.org\/wp-content\/uploads\/2023\/03\/Hesh-bio-pic-e1680983663591.jpg"},{"@type":"BreadcrumbList","@id":"https:\/\/girawa.org\/heshawa\/#breadcrumb","itemListElement":[{"@type":"ListItem","position":1,"name":"Home","item":"https:\/\/girawa.org\/"},{"@type":"ListItem","position":2,"name":"Meet Heshawa"}]},{"@type":"WebSite","@id":"https:\/\/girawa.org\/#website","url":"https:\/\/girawa.org\/","name":"Girawa","description":"Planetary Health at the Core of Education","publisher":{"@id":"https:\/\/girawa.org\/#organization"},"potentialAction":[{"@type":"SearchAction","target":{"@type":"EntryPoint","urlTemplate":"https:\/\/girawa.org\/?s={search_term_string}"},"query-input":{"@type":"PropertyValueSpecification","valueRequired":true,"valueName":"search_term_string"}}],"inLanguage":"pt-BR"},{"@type":"Organization","@id":"https:\/\/girawa.org\/#organization","name":"Girawa","url":"https:\/\/girawa.org\/","logo":{"@type":"ImageObject","inLanguage":"pt-BR","@id":"https:\/\/girawa.org\/#\/schema\/logo\/image\/","url":"https:\/\/girawa.org\/wp-content\/uploads\/2021\/03\/cropped-clear-logo.png","contentUrl":"https:\/\/girawa.org\/wp-content\/uploads\/2021\/03\/cropped-clear-logo.png","width":1431,"height":666,"caption":"Girawa"},"image":{"@id":"https:\/\/girawa.org\/#\/schema\/logo\/image\/"},"sameAs":["https:\/\/www.facebook.com\/GirawaOrg\/","https:\/\/x.com\/GirawaOrg","https:\/\/www.instagram.com\/girawaorg"]}]}},"_links":{"self":[{"href":"https:\/\/girawa.org\/pt\/wp-json\/wp\/v2\/pages\/4494","targetHints":{"allow":["GET"]}}],"collection":[{"href":"https:\/\/girawa.org\/pt\/wp-json\/wp\/v2\/pages"}],"about":[{"href":"https:\/\/girawa.org\/pt\/wp-json\/wp\/v2\/types\/page"}],"author":[{"embeddable":true,"href":"https:\/\/girawa.org\/pt\/wp-json\/wp\/v2\/users\/7"}],"replies":[{"embeddable":true,"href":"https:\/\/girawa.org\/pt\/wp-json\/wp\/v2\/comments?post=4494"}],"version-history":[{"count":12,"href":"https:\/\/girawa.org\/pt\/wp-json\/wp\/v2\/pages\/4494\/revisions"}],"predecessor-version":[{"id":4809,"href":"https:\/\/girawa.org\/pt\/wp-json\/wp\/v2\/pages\/4494\/revisions\/4809"}],"wp:attachment":[{"href":"https:\/\/girawa.org\/pt\/wp-json\/wp\/v2\/media?parent=4494"}],"curies":[{"name":"wp","href":"https:\/\/api.w.org\/{rel}","templated":true}]}}