{"id":4478,"date":"2025-07-11T16:56:54","date_gmt":"2025-07-11T15:56:54","guid":{"rendered":"https:\/\/girawa.org\/?page_id=4478"},"modified":"2025-08-09T11:52:27","modified_gmt":"2025-08-09T10:52:27","slug":"vanessa-g","status":"publish","type":"page","link":"https:\/\/girawa.org\/pt\/vanessa-g\/","title":{"rendered":"Meet Vanessa Goes"},"content":{"rendered":"<div data-elementor-type=\"wp-post\" data-elementor-id=\"4478\" class=\"elementor elementor-4478\">\n\t\t\t\t\t\t<footer class=\"elementor-section elementor-top-section elementor-element elementor-element-5c3a08a elementor-section-full_width elementor-section-height-default elementor-section-height-default\" data-id=\"5c3a08a\" data-element_type=\"section\" data-e-type=\"section\">\n\t\t\t\t\t\t<div class=\"elementor-container elementor-column-gap-default\">\n\t\t\t\t\t<div class=\"elementor-column elementor-col-100 elementor-top-column elementor-element elementor-element-b019a96\" data-id=\"b019a96\" data-element_type=\"column\" data-e-type=\"column\">\n\t\t\t<div class=\"elementor-widget-wrap elementor-element-populated\">\n\t\t\t\t\t\t<section class=\"elementor-section elementor-inner-section elementor-element elementor-element-20cacaa elementor-section-boxed elementor-section-height-default elementor-section-height-default\" data-id=\"20cacaa\" data-element_type=\"section\" data-e-type=\"section\">\n\t\t\t\t\t\t<div class=\"elementor-container elementor-column-gap-default\">\n\t\t\t\t\t<div class=\"elementor-column elementor-col-50 elementor-inner-column elementor-element elementor-element-b7dfaa7\" data-id=\"b7dfaa7\" data-element_type=\"column\" data-e-type=\"column\">\n\t\t\t<div class=\"elementor-widget-wrap elementor-element-populated\">\n\t\t\t\t\t\t<div class=\"elementor-element elementor-element-321450d elementor-widget elementor-widget-image\" data-id=\"321450d\" data-element_type=\"widget\" data-e-type=\"widget\" data-widget_type=\"image.default\">\n\t\t\t\t<div class=\"elementor-widget-container\">\n\t\t\t\t\t\t\t\t\t\t\t\t\t\t\t<img fetchpriority=\"high\" decoding=\"async\" width=\"445\" height=\"468\" src=\"https:\/\/girawa.org\/wp-content\/uploads\/2023\/03\/Vanessa-Goes-photo.png\" class=\"attachment-full size-full wp-image-1985\" alt=\"\" srcset=\"https:\/\/girawa.org\/wp-content\/uploads\/2023\/03\/Vanessa-Goes-photo.png 445w, https:\/\/girawa.org\/wp-content\/uploads\/2023\/03\/Vanessa-Goes-photo-285x300.png 285w\" sizes=\"(max-width: 445px) 100vw, 445px\" \/>\t\t\t\t\t\t\t\t\t\t\t\t\t\t\t<\/div>\n\t\t\t\t<\/div>\n\t\t\t\t\t<\/div>\n\t\t<\/div>\n\t\t\t\t<div class=\"elementor-column elementor-col-50 elementor-inner-column elementor-element elementor-element-bc8f465\" data-id=\"bc8f465\" data-element_type=\"column\" data-e-type=\"column\">\n\t\t\t<div class=\"elementor-widget-wrap elementor-element-populated\">\n\t\t\t\t\t\t<div class=\"elementor-element elementor-element-96fd254 elementor-widget-mobile_extra__width-initial e-transform elementor-widget elementor-widget-heading\" data-id=\"96fd254\" data-element_type=\"widget\" data-e-type=\"widget\" data-settings=\"{&quot;_transform_scale_effect_mobile_extra&quot;:{&quot;unit&quot;:&quot;px&quot;,&quot;size&quot;:0.8,&quot;sizes&quot;:[]},&quot;_transform_scale_effect&quot;:{&quot;unit&quot;:&quot;px&quot;,&quot;size&quot;:&quot;&quot;,&quot;sizes&quot;:[]},&quot;_transform_scale_effect_tablet&quot;:{&quot;unit&quot;:&quot;px&quot;,&quot;size&quot;:&quot;&quot;,&quot;sizes&quot;:[]},&quot;_transform_scale_effect_mobile&quot;:{&quot;unit&quot;:&quot;px&quot;,&quot;size&quot;:&quot;&quot;,&quot;sizes&quot;:[]}}\" data-widget_type=\"heading.default\">\n\t\t\t\t<div class=\"elementor-widget-container\">\n\t\t\t\t\t<h1 class=\"elementor-heading-title elementor-size-default\">Vanessa Goes<\/h1>\t\t\t\t<\/div>\n\t\t\t\t<\/div>\n\t\t\t\t<div class=\"elementor-element elementor-element-ea58304 elementor-widget elementor-widget-html\" data-id=\"ea58304\" data-element_type=\"widget\" data-e-type=\"widget\" data-widget_type=\"html.default\">\n\t\t\t\t<div class=\"elementor-widget-container\">\n\t\t\t\t\t<div style=\"background-color:#EA5348; width:6.5rem; height:0.5rem; border-radius:30rem;\">\n    \n<\/div>\t\t\t\t<\/div>\n\t\t\t\t<\/div>\n\t\t\t\t\t<\/div>\n\t\t<\/div>\n\t\t\t\t\t<\/div>\n\t\t<\/section>\n\t\t\t\t\t<\/div>\n\t\t<\/div>\n\t\t\t\t\t<\/div>\n\t\t<\/footer>\n\t\t\t\t<section class=\"elementor-section elementor-top-section elementor-element elementor-element-b930a59 elementor-section-boxed elementor-section-height-default elementor-section-height-default\" data-id=\"b930a59\" data-element_type=\"section\" data-e-type=\"section\">\n\t\t\t\t\t\t<div class=\"elementor-container elementor-column-gap-default\">\n\t\t\t\t\t<div class=\"elementor-column elementor-col-33 elementor-top-column elementor-element elementor-element-f87a666 elementor-hidden-mobile\" data-id=\"f87a666\" data-element_type=\"column\" data-e-type=\"column\">\n\t\t\t<div class=\"elementor-widget-wrap\">\n\t\t\t\t\t\t\t<\/div>\n\t\t<\/div>\n\t\t\t\t<div class=\"elementor-column elementor-col-33 elementor-top-column elementor-element elementor-element-6bcb349\" data-id=\"6bcb349\" data-element_type=\"column\" data-e-type=\"column\">\n\t\t\t<div class=\"elementor-widget-wrap elementor-element-populated\">\n\t\t\t\t\t\t<div class=\"elementor-element elementor-element-5567e92 elementor-widget elementor-widget-heading\" data-id=\"5567e92\" data-element_type=\"widget\" data-e-type=\"widget\" data-widget_type=\"heading.default\">\n\t\t\t\t<div class=\"elementor-widget-container\">\n\t\t\t\t\t<h2 class=\"elementor-heading-title elementor-size-default\">Conhe\u00e7a Vanessa\n<\/h2>\t\t\t\t<\/div>\n\t\t\t\t<\/div>\n\t\t\t\t<div class=\"elementor-element elementor-element-1325d3a elementor-widget elementor-widget-html\" data-id=\"1325d3a\" data-element_type=\"widget\" data-e-type=\"widget\" data-widget_type=\"html.default\">\n\t\t\t\t<div class=\"elementor-widget-container\">\n\t\t\t\t\t<div style=\"background-color:#EA5348; width:6.5rem; height:0.5rem; border-radius:30rem;\">\n    \n<\/div>\t\t\t\t<\/div>\n\t\t\t\t<\/div>\n\t\t\t\t<div class=\"elementor-element elementor-element-52866e5 elementor-widget__width-initial elementor-widget elementor-widget-text-editor\" data-id=\"52866e5\" data-element_type=\"widget\" data-e-type=\"widget\" data-widget_type=\"text-editor.default\">\n\t\t\t\t<div class=\"elementor-widget-container\">\n\t\t\t\t\t\t\t\t\t<p>Vanessa \u00e9 uma profissional de sa\u00fade integrativa e artista com abordagem multidisciplinar. Dan\u00e7arina, nutricionista e mentora de bem-estar, ela gosta de motivar as pessoas a mudarem.<\/p><p>\u00a0<\/p><p>Membro do Col\u00e9gio Brasileiro de Medicina do Estilo de Vida, \u00e9 doutoranda em Ci\u00eancia dos Alimentos pela Universidade Federal do Rio de Janeiro e professora de Ci\u00eancia da Nutri\u00e7\u00e3o no curso de p\u00f3s-gradua\u00e7\u00e3o em Medicina Preventiva e do Estilo de Vida.<\/p><p>\u00a0<\/p><p>Apaixonada pela natureza e pela vida, \u00e9 embaixadora do Campus de Sa\u00fade Planet\u00e1ria da PHA-Harvard e mentora j\u00fanior do programa brasileiro coordenado pelo Grupo de Estudos em Sa\u00fade Planet\u00e1ria do IEA-USP. \u00c9 membro do Clube de Sa\u00fade Planet\u00e1ria do Sudeste Brasileiro e integra a rede Clinicians for Planetary Health (C4PH) da PHA.<\/p><p>\u00a0<\/p><p>Secretaria executiva na rede de pesquisa de mentoria transdisciplinar MRN, bem como coordenadora da equipe de a\u00e7\u00e3o de Artes, cultura e Sistemas de Conhecimento Ind\u00edgena, ambos na ACOPPHE (Comunidade Africana de Parceiros Planet\u00e1rios para Sa\u00fade e Meio Ambiente).<\/p>\t\t\t\t\t\t\t\t<\/div>\n\t\t\t\t<\/div>\n\t\t\t\t\t<\/div>\n\t\t<\/div>\n\t\t\t\t<div class=\"elementor-column elementor-col-33 elementor-top-column elementor-element elementor-element-11ed2a5 elementor-hidden-mobile\" data-id=\"11ed2a5\" data-element_type=\"column\" data-e-type=\"column\">\n\t\t\t<div class=\"elementor-widget-wrap\">\n\t\t\t\t\t\t\t<\/div>\n\t\t<\/div>\n\t\t\t\t\t<\/div>\n\t\t<\/section>\n\t\t\t\t<section class=\"elementor-section elementor-top-section elementor-element elementor-element-c13b50a elementor-section-boxed elementor-section-height-default elementor-section-height-default\" data-id=\"c13b50a\" data-element_type=\"section\" data-e-type=\"section\">\n\t\t\t\t\t\t<div class=\"elementor-container elementor-column-gap-default\">\n\t\t\t\t\t<div class=\"elementor-column elementor-col-100 elementor-top-column elementor-element elementor-element-7557e2e\" data-id=\"7557e2e\" data-element_type=\"column\" data-e-type=\"column\">\n\t\t\t<div class=\"elementor-widget-wrap elementor-element-populated\">\n\t\t\t\t\t\t<div class=\"elementor-element elementor-element-4b7e0e4 elementor-align-center e-transform elementor-widget elementor-widget-button\" data-id=\"4b7e0e4\" data-element_type=\"widget\" data-e-type=\"widget\" data-settings=\"{&quot;_transform_scale_effect_hover&quot;:{&quot;unit&quot;:&quot;px&quot;,&quot;size&quot;:1.05,&quot;sizes&quot;:[]},&quot;_transform_scale_effect_hover_tablet&quot;:{&quot;unit&quot;:&quot;px&quot;,&quot;size&quot;:&quot;&quot;,&quot;sizes&quot;:[]},&quot;_transform_scale_effect_hover_mobile_extra&quot;:{&quot;unit&quot;:&quot;px&quot;,&quot;size&quot;:&quot;&quot;,&quot;sizes&quot;:[]},&quot;_transform_scale_effect_hover_mobile&quot;:{&quot;unit&quot;:&quot;px&quot;,&quot;size&quot;:&quot;&quot;,&quot;sizes&quot;:[]}}\" data-widget_type=\"button.default\">\n\t\t\t\t<div class=\"elementor-widget-container\">\n\t\t\t\t\t\t\t\t\t<div class=\"elementor-button-wrapper\">\n\t\t\t\t\t<a class=\"elementor-button elementor-button-link elementor-size-sm\" href=\"https:\/\/girawa.org\/pt\/our-team\/\">\n\t\t\t\t\t\t<span class=\"elementor-button-content-wrapper\">\n\t\t\t\t\t\t<span class=\"elementor-button-icon\">\n\t\t\t\t<i aria-hidden=\"true\" class=\"fas fa-arrow-left\"><\/i>\t\t\t<\/span>\n\t\t\t\t\t\t\t\t\t<span class=\"elementor-button-text\">Voltar<\/span>\n\t\t\t\t\t<\/span>\n\t\t\t\t\t<\/a>\n\t\t\t\t<\/div>\n\t\t\t\t\t\t\t\t<\/div>\n\t\t\t\t<\/div>\n\t\t\t\t\t<\/div>\n\t\t<\/div>\n\t\t\t\t\t<\/div>\n\t\t<\/section>\n\t\t\t\t<\/div>","protected":false},"excerpt":{"rendered":"<p>Vanessa Goes Meet Vanessa Vanessa is an Integrative health professional and artist with a multidisciplinary approach. Dancer, Registered dietitian and [&hellip;]<\/p>\n","protected":false},"author":7,"featured_media":0,"parent":0,"menu_order":0,"comment_status":"closed","ping_status":"closed","template":"","meta":{"site-sidebar-layout":"no-sidebar","site-content-layout":"page-builder","ast-site-content-layout":"full-width-container","site-content-style":"default","site-sidebar-style":"default","ast-global-header-display":"","ast-banner-title-visibility":"","ast-main-header-display":"","ast-hfb-above-header-display":"","ast-hfb-below-header-display":"","ast-hfb-mobile-header-display":"","site-post-title":"disabled","ast-breadcrumbs-content":"","ast-featured-img":"disabled","footer-sml-layout":"","ast-disable-related-posts":"","theme-transparent-header-meta":"","adv-header-id-meta":"","stick-header-meta":"","header-above-stick-meta":"","header-main-stick-meta":"","header-below-stick-meta":"","astra-migrate-meta-layouts":"default","ast-page-background-enabled":"default","ast-page-background-meta":{"desktop":{"background-color":"var(--ast-global-color-4)","background-image":"","background-repeat":"repeat","background-position":"center center","background-size":"auto","background-attachment":"scroll","background-type":"","background-media":"","overlay-type":"","overlay-color":"","overlay-opacity":"","overlay-gradient":""},"tablet":{"background-color":"","background-image":"","background-repeat":"repeat","background-position":"center center","background-size":"auto","background-attachment":"scroll","background-type":"","background-media":"","overlay-type":"","overlay-color":"","overlay-opacity":"","overlay-gradient":""},"mobile":{"background-color":"","background-image":"","background-repeat":"repeat","background-position":"center center","background-size":"auto","background-attachment":"scroll","background-type":"","background-media":"","overlay-type":"","overlay-color":"","overlay-opacity":"","overlay-gradient":""}},"ast-content-background-meta":{"desktop":{"background-color":"var(--ast-global-color-5)","background-image":"","background-repeat":"repeat","background-position":"center center","background-size":"auto","background-attachment":"scroll","background-type":"","background-media":"","overlay-type":"","overlay-color":"","overlay-opacity":"","overlay-gradient":""},"tablet":{"background-color":"var(--ast-global-color-5)","background-image":"","background-repeat":"repeat","background-position":"center center","background-size":"auto","background-attachment":"scroll","background-type":"","background-media":"","overlay-type":"","overlay-color":"","overlay-opacity":"","overlay-gradient":""},"mobile":{"background-color":"var(--ast-global-color-5)","background-image":"","background-repeat":"repeat","background-position":"center center","background-size":"auto","background-attachment":"scroll","background-type":"","background-media":"","overlay-type":"","overlay-color":"","overlay-opacity":"","overlay-gradient":""}},"footnotes":""},"class_list":["post-4478","page","type-page","status-publish","hentry"],"yoast_head":"<!-- This site is optimized with the Yoast SEO plugin v27.3 - https:\/\/yoast.com\/product\/yoast-seo-wordpress\/ -->\n<title>Meet Vanessa Goes - Girawa<\/title>\n<meta name=\"robots\" content=\"index, follow, max-snippet:-1, max-image-preview:large, max-video-preview:-1\" \/>\n<link rel=\"canonical\" href=\"https:\/\/girawa.org\/pt\/vanessa-g\/\" \/>\n<meta property=\"og:locale\" content=\"pt_BR\" \/>\n<meta property=\"og:type\" content=\"article\" \/>\n<meta property=\"og:title\" content=\"Meet Vanessa Goes - Girawa\" \/>\n<meta property=\"og:description\" content=\"Vanessa Goes Meet Vanessa Vanessa is an Integrative health professional and artist with a multidisciplinary approach. Dancer, Registered dietitian and [&hellip;]\" \/>\n<meta property=\"og:url\" content=\"https:\/\/girawa.org\/pt\/vanessa-g\/\" \/>\n<meta property=\"og:site_name\" content=\"Girawa\" \/>\n<meta property=\"article:publisher\" content=\"https:\/\/www.facebook.com\/GirawaOrg\/\" \/>\n<meta property=\"article:modified_time\" content=\"2025-08-09T10:52:27+00:00\" \/>\n<meta property=\"og:image\" content=\"https:\/\/girawa.org\/wp-content\/uploads\/2023\/03\/Vanessa-Goes-photo.png\" \/>\n\t<meta property=\"og:image:width\" content=\"445\" \/>\n\t<meta property=\"og:image:height\" content=\"468\" \/>\n\t<meta property=\"og:image:type\" content=\"image\/png\" \/>\n<meta name=\"twitter:card\" content=\"summary_large_image\" \/>\n<meta name=\"twitter:site\" content=\"@GirawaOrg\" \/>\n<meta name=\"twitter:label1\" content=\"Est. tempo de leitura\" \/>\n\t<meta name=\"twitter:data1\" content=\"1 minuto\" \/>\n<script type=\"application\/ld+json\" class=\"yoast-schema-graph\">{\"@context\":\"https:\\\/\\\/schema.org\",\"@graph\":[{\"@type\":\"WebPage\",\"@id\":\"https:\\\/\\\/girawa.org\\\/vanessa-g\\\/\",\"url\":\"https:\\\/\\\/girawa.org\\\/vanessa-g\\\/\",\"name\":\"Meet Vanessa Goes - Girawa\",\"isPartOf\":{\"@id\":\"https:\\\/\\\/girawa.org\\\/#website\"},\"primaryImageOfPage\":{\"@id\":\"https:\\\/\\\/girawa.org\\\/vanessa-g\\\/#primaryimage\"},\"image\":{\"@id\":\"https:\\\/\\\/girawa.org\\\/vanessa-g\\\/#primaryimage\"},\"thumbnailUrl\":\"https:\\\/\\\/girawa.org\\\/wp-content\\\/uploads\\\/2023\\\/03\\\/Vanessa-Goes-photo.png\",\"datePublished\":\"2025-07-11T15:56:54+00:00\",\"dateModified\":\"2025-08-09T10:52:27+00:00\",\"breadcrumb\":{\"@id\":\"https:\\\/\\\/girawa.org\\\/vanessa-g\\\/#breadcrumb\"},\"inLanguage\":\"pt-BR\",\"potentialAction\":[{\"@type\":\"ReadAction\",\"target\":[\"https:\\\/\\\/girawa.org\\\/vanessa-g\\\/\"]}]},{\"@type\":\"ImageObject\",\"inLanguage\":\"pt-BR\",\"@id\":\"https:\\\/\\\/girawa.org\\\/vanessa-g\\\/#primaryimage\",\"url\":\"https:\\\/\\\/girawa.org\\\/wp-content\\\/uploads\\\/2023\\\/03\\\/Vanessa-Goes-photo.png\",\"contentUrl\":\"https:\\\/\\\/girawa.org\\\/wp-content\\\/uploads\\\/2023\\\/03\\\/Vanessa-Goes-photo.png\"},{\"@type\":\"BreadcrumbList\",\"@id\":\"https:\\\/\\\/girawa.org\\\/vanessa-g\\\/#breadcrumb\",\"itemListElement\":[{\"@type\":\"ListItem\",\"position\":1,\"name\":\"Home\",\"item\":\"https:\\\/\\\/girawa.org\\\/\"},{\"@type\":\"ListItem\",\"position\":2,\"name\":\"Meet Vanessa Goes\"}]},{\"@type\":\"WebSite\",\"@id\":\"https:\\\/\\\/girawa.org\\\/#website\",\"url\":\"https:\\\/\\\/girawa.org\\\/\",\"name\":\"Girawa\",\"description\":\"Planetary Health at the Core of Education\",\"publisher\":{\"@id\":\"https:\\\/\\\/girawa.org\\\/#organization\"},\"potentialAction\":[{\"@type\":\"SearchAction\",\"target\":{\"@type\":\"EntryPoint\",\"urlTemplate\":\"https:\\\/\\\/girawa.org\\\/?s={search_term_string}\"},\"query-input\":{\"@type\":\"PropertyValueSpecification\",\"valueRequired\":true,\"valueName\":\"search_term_string\"}}],\"inLanguage\":\"pt-BR\"},{\"@type\":\"Organization\",\"@id\":\"https:\\\/\\\/girawa.org\\\/#organization\",\"name\":\"Girawa\",\"url\":\"https:\\\/\\\/girawa.org\\\/\",\"logo\":{\"@type\":\"ImageObject\",\"inLanguage\":\"pt-BR\",\"@id\":\"https:\\\/\\\/girawa.org\\\/#\\\/schema\\\/logo\\\/image\\\/\",\"url\":\"https:\\\/\\\/girawa.org\\\/wp-content\\\/uploads\\\/2021\\\/03\\\/cropped-clear-logo.png\",\"contentUrl\":\"https:\\\/\\\/girawa.org\\\/wp-content\\\/uploads\\\/2021\\\/03\\\/cropped-clear-logo.png\",\"width\":1431,\"height\":666,\"caption\":\"Girawa\"},\"image\":{\"@id\":\"https:\\\/\\\/girawa.org\\\/#\\\/schema\\\/logo\\\/image\\\/\"},\"sameAs\":[\"https:\\\/\\\/www.facebook.com\\\/GirawaOrg\\\/\",\"https:\\\/\\\/x.com\\\/GirawaOrg\",\"https:\\\/\\\/www.instagram.com\\\/girawaorg\"]}]}<\/script>\n<!-- \/ Yoast SEO plugin. -->","yoast_head_json":{"title":"Meet Vanessa Goes - Girawa","robots":{"index":"index","follow":"follow","max-snippet":"max-snippet:-1","max-image-preview":"max-image-preview:large","max-video-preview":"max-video-preview:-1"},"canonical":"https:\/\/girawa.org\/pt\/vanessa-g\/","og_locale":"pt_BR","og_type":"article","og_title":"Meet Vanessa Goes - Girawa","og_description":"Vanessa Goes Meet Vanessa Vanessa is an Integrative health professional and artist with a multidisciplinary approach. Dancer, Registered dietitian and [&hellip;]","og_url":"https:\/\/girawa.org\/pt\/vanessa-g\/","og_site_name":"Girawa","article_publisher":"https:\/\/www.facebook.com\/GirawaOrg\/","article_modified_time":"2025-08-09T10:52:27+00:00","og_image":[{"width":445,"height":468,"url":"https:\/\/girawa.org\/wp-content\/uploads\/2023\/03\/Vanessa-Goes-photo.png","type":"image\/png"}],"twitter_card":"summary_large_image","twitter_site":"@GirawaOrg","twitter_misc":{"Est. tempo de leitura":"1 minuto"},"schema":{"@context":"https:\/\/schema.org","@graph":[{"@type":"WebPage","@id":"https:\/\/girawa.org\/vanessa-g\/","url":"https:\/\/girawa.org\/vanessa-g\/","name":"Meet Vanessa Goes - Girawa","isPartOf":{"@id":"https:\/\/girawa.org\/#website"},"primaryImageOfPage":{"@id":"https:\/\/girawa.org\/vanessa-g\/#primaryimage"},"image":{"@id":"https:\/\/girawa.org\/vanessa-g\/#primaryimage"},"thumbnailUrl":"https:\/\/girawa.org\/wp-content\/uploads\/2023\/03\/Vanessa-Goes-photo.png","datePublished":"2025-07-11T15:56:54+00:00","dateModified":"2025-08-09T10:52:27+00:00","breadcrumb":{"@id":"https:\/\/girawa.org\/vanessa-g\/#breadcrumb"},"inLanguage":"pt-BR","potentialAction":[{"@type":"ReadAction","target":["https:\/\/girawa.org\/vanessa-g\/"]}]},{"@type":"ImageObject","inLanguage":"pt-BR","@id":"https:\/\/girawa.org\/vanessa-g\/#primaryimage","url":"https:\/\/girawa.org\/wp-content\/uploads\/2023\/03\/Vanessa-Goes-photo.png","contentUrl":"https:\/\/girawa.org\/wp-content\/uploads\/2023\/03\/Vanessa-Goes-photo.png"},{"@type":"BreadcrumbList","@id":"https:\/\/girawa.org\/vanessa-g\/#breadcrumb","itemListElement":[{"@type":"ListItem","position":1,"name":"Home","item":"https:\/\/girawa.org\/"},{"@type":"ListItem","position":2,"name":"Meet Vanessa Goes"}]},{"@type":"WebSite","@id":"https:\/\/girawa.org\/#website","url":"https:\/\/girawa.org\/","name":"Girawa","description":"Planetary Health at the Core of Education","publisher":{"@id":"https:\/\/girawa.org\/#organization"},"potentialAction":[{"@type":"SearchAction","target":{"@type":"EntryPoint","urlTemplate":"https:\/\/girawa.org\/?s={search_term_string}"},"query-input":{"@type":"PropertyValueSpecification","valueRequired":true,"valueName":"search_term_string"}}],"inLanguage":"pt-BR"},{"@type":"Organization","@id":"https:\/\/girawa.org\/#organization","name":"Girawa","url":"https:\/\/girawa.org\/","logo":{"@type":"ImageObject","inLanguage":"pt-BR","@id":"https:\/\/girawa.org\/#\/schema\/logo\/image\/","url":"https:\/\/girawa.org\/wp-content\/uploads\/2021\/03\/cropped-clear-logo.png","contentUrl":"https:\/\/girawa.org\/wp-content\/uploads\/2021\/03\/cropped-clear-logo.png","width":1431,"height":666,"caption":"Girawa"},"image":{"@id":"https:\/\/girawa.org\/#\/schema\/logo\/image\/"},"sameAs":["https:\/\/www.facebook.com\/GirawaOrg\/","https:\/\/x.com\/GirawaOrg","https:\/\/www.instagram.com\/girawaorg"]}]}},"_links":{"self":[{"href":"https:\/\/girawa.org\/pt\/wp-json\/wp\/v2\/pages\/4478","targetHints":{"allow":["GET"]}}],"collection":[{"href":"https:\/\/girawa.org\/pt\/wp-json\/wp\/v2\/pages"}],"about":[{"href":"https:\/\/girawa.org\/pt\/wp-json\/wp\/v2\/types\/page"}],"author":[{"embeddable":true,"href":"https:\/\/girawa.org\/pt\/wp-json\/wp\/v2\/users\/7"}],"replies":[{"embeddable":true,"href":"https:\/\/girawa.org\/pt\/wp-json\/wp\/v2\/comments?post=4478"}],"version-history":[{"count":11,"href":"https:\/\/girawa.org\/pt\/wp-json\/wp\/v2\/pages\/4478\/revisions"}],"predecessor-version":[{"id":4794,"href":"https:\/\/girawa.org\/pt\/wp-json\/wp\/v2\/pages\/4478\/revisions\/4794"}],"wp:attachment":[{"href":"https:\/\/girawa.org\/pt\/wp-json\/wp\/v2\/media?parent=4478"}],"curies":[{"name":"wp","href":"https:\/\/api.w.org\/{rel}","templated":true}]}}