{"id":4403,"date":"2025-07-11T16:15:35","date_gmt":"2025-07-11T15:15:35","guid":{"rendered":"https:\/\/girawa.org\/?page_id=4403"},"modified":"2025-08-09T11:45:23","modified_gmt":"2025-08-09T10:45:23","slug":"david","status":"publish","type":"page","link":"https:\/\/girawa.org\/pt\/david\/","title":{"rendered":"Conhe\u00e7a David"},"content":{"rendered":"<div data-elementor-type=\"wp-page\" data-elementor-id=\"4403\" class=\"elementor elementor-4403\">\n\t\t\t\t\t\t<footer class=\"elementor-section elementor-top-section elementor-element elementor-element-3dfb918 elementor-section-full_width elementor-section-height-default elementor-section-height-default\" data-id=\"3dfb918\" data-element_type=\"section\" data-e-type=\"section\">\n\t\t\t\t\t\t<div class=\"elementor-container elementor-column-gap-default\">\n\t\t\t\t\t<div class=\"elementor-column elementor-col-100 elementor-top-column elementor-element elementor-element-f9d83e0\" data-id=\"f9d83e0\" data-element_type=\"column\" data-e-type=\"column\">\n\t\t\t<div class=\"elementor-widget-wrap elementor-element-populated\">\n\t\t\t\t\t\t<section class=\"elementor-section elementor-inner-section elementor-element elementor-element-00761a6 elementor-section-boxed elementor-section-height-default elementor-section-height-default\" data-id=\"00761a6\" data-element_type=\"section\" data-e-type=\"section\">\n\t\t\t\t\t\t<div class=\"elementor-container elementor-column-gap-default\">\n\t\t\t\t\t<div class=\"elementor-column elementor-col-50 elementor-inner-column elementor-element elementor-element-0245b50\" data-id=\"0245b50\" data-element_type=\"column\" data-e-type=\"column\">\n\t\t\t<div class=\"elementor-widget-wrap elementor-element-populated\">\n\t\t\t\t\t\t<div class=\"elementor-element elementor-element-d26e8b4 elementor-widget elementor-widget-image\" data-id=\"d26e8b4\" data-element_type=\"widget\" data-e-type=\"widget\" data-widget_type=\"image.default\">\n\t\t\t\t<div class=\"elementor-widget-container\">\n\t\t\t\t\t\t\t\t\t\t\t\t\t\t\t<img fetchpriority=\"high\" decoding=\"async\" width=\"412\" height=\"463\" src=\"https:\/\/girawa.org\/wp-content\/uploads\/2024\/09\/Screenshot-2024-09-07-15.41.50.png\" class=\"attachment-full size-full wp-image-2633\" alt=\"David Channon profile picture\" srcset=\"https:\/\/girawa.org\/wp-content\/uploads\/2024\/09\/Screenshot-2024-09-07-15.41.50.png 412w, https:\/\/girawa.org\/wp-content\/uploads\/2024\/09\/Screenshot-2024-09-07-15.41.50-267x300.png 267w\" sizes=\"(max-width: 412px) 100vw, 412px\" \/>\t\t\t\t\t\t\t\t\t\t\t\t\t\t\t<\/div>\n\t\t\t\t<\/div>\n\t\t\t\t\t<\/div>\n\t\t<\/div>\n\t\t\t\t<div class=\"elementor-column elementor-col-50 elementor-inner-column elementor-element elementor-element-698582c\" data-id=\"698582c\" data-element_type=\"column\" data-e-type=\"column\">\n\t\t\t<div class=\"elementor-widget-wrap elementor-element-populated\">\n\t\t\t\t\t\t<div class=\"elementor-element elementor-element-a1fab39 elementor-widget-mobile_extra__width-initial e-transform elementor-widget elementor-widget-heading\" data-id=\"a1fab39\" data-element_type=\"widget\" data-e-type=\"widget\" data-settings=\"{&quot;_transform_scale_effect_mobile_extra&quot;:{&quot;unit&quot;:&quot;px&quot;,&quot;size&quot;:0.8,&quot;sizes&quot;:[]},&quot;_transform_scale_effect&quot;:{&quot;unit&quot;:&quot;px&quot;,&quot;size&quot;:&quot;&quot;,&quot;sizes&quot;:[]},&quot;_transform_scale_effect_tablet&quot;:{&quot;unit&quot;:&quot;px&quot;,&quot;size&quot;:&quot;&quot;,&quot;sizes&quot;:[]},&quot;_transform_scale_effect_mobile&quot;:{&quot;unit&quot;:&quot;px&quot;,&quot;size&quot;:&quot;&quot;,&quot;sizes&quot;:[]}}\" data-widget_type=\"heading.default\">\n\t\t\t\t<div class=\"elementor-widget-container\">\n\t\t\t\t\t<h1 class=\"elementor-heading-title elementor-size-default\">Dr. David Channon\u200b<\/h1>\t\t\t\t<\/div>\n\t\t\t\t<\/div>\n\t\t\t\t<div class=\"elementor-element elementor-element-8e3fa0f elementor-widget elementor-widget-html\" data-id=\"8e3fa0f\" data-element_type=\"widget\" data-e-type=\"widget\" data-widget_type=\"html.default\">\n\t\t\t\t<div class=\"elementor-widget-container\">\n\t\t\t\t\t<div style=\"background-color:#EA5348; width:6.5rem; height:0.5rem; border-radius:30rem;\">\n    \n<\/div>\t\t\t\t<\/div>\n\t\t\t\t<\/div>\n\t\t\t\t<div class=\"elementor-element elementor-element-be56c08 elementor-widget elementor-widget-text-editor\" data-id=\"be56c08\" data-element_type=\"widget\" data-e-type=\"widget\" data-widget_type=\"text-editor.default\">\n\t\t\t\t<div class=\"elementor-widget-container\">\n\t\t\t\t\t\t\t\t\t<p>Co-investigador l\u00edder<\/p>\t\t\t\t\t\t\t\t<\/div>\n\t\t\t\t<\/div>\n\t\t\t\t\t<\/div>\n\t\t<\/div>\n\t\t\t\t\t<\/div>\n\t\t<\/section>\n\t\t\t\t\t<\/div>\n\t\t<\/div>\n\t\t\t\t\t<\/div>\n\t\t<\/footer>\n\t\t\t\t<section class=\"elementor-section elementor-top-section elementor-element elementor-element-772dfb4 elementor-section-boxed elementor-section-height-default elementor-section-height-default\" data-id=\"772dfb4\" data-element_type=\"section\" data-e-type=\"section\">\n\t\t\t\t\t\t<div class=\"elementor-container elementor-column-gap-default\">\n\t\t\t\t\t<div class=\"elementor-column elementor-col-33 elementor-top-column elementor-element elementor-element-9ea6d87 elementor-hidden-mobile\" data-id=\"9ea6d87\" data-element_type=\"column\" data-e-type=\"column\">\n\t\t\t<div class=\"elementor-widget-wrap\">\n\t\t\t\t\t\t\t<\/div>\n\t\t<\/div>\n\t\t\t\t<div class=\"elementor-column elementor-col-33 elementor-top-column elementor-element elementor-element-4223da3\" data-id=\"4223da3\" data-element_type=\"column\" data-e-type=\"column\">\n\t\t\t<div class=\"elementor-widget-wrap elementor-element-populated\">\n\t\t\t\t\t\t<div class=\"elementor-element elementor-element-e409584 elementor-widget elementor-widget-heading\" data-id=\"e409584\" data-element_type=\"widget\" data-e-type=\"widget\" data-widget_type=\"heading.default\">\n\t\t\t\t<div class=\"elementor-widget-container\">\n\t\t\t\t\t<h2 class=\"elementor-heading-title elementor-size-default\">Conhe\u00e7a David<\/h2>\t\t\t\t<\/div>\n\t\t\t\t<\/div>\n\t\t\t\t<div class=\"elementor-element elementor-element-c19e1b8 elementor-widget elementor-widget-html\" data-id=\"c19e1b8\" data-element_type=\"widget\" data-e-type=\"widget\" data-widget_type=\"html.default\">\n\t\t\t\t<div class=\"elementor-widget-container\">\n\t\t\t\t\t<div style=\"background-color:#EA5348; width:6.5rem; height:0.5rem; border-radius:30rem;\">\n    \n<\/div>\t\t\t\t<\/div>\n\t\t\t\t<\/div>\n\t\t\t\t<div class=\"elementor-element elementor-element-ba45942 elementor-widget__width-initial elementor-widget elementor-widget-text-editor\" data-id=\"ba45942\" data-element_type=\"widget\" data-e-type=\"widget\" data-widget_type=\"text-editor.default\">\n\t\t\t\t<div class=\"elementor-widget-container\">\n\t\t\t\t\t\t\t\t\t<p>David \u00e9 especialista em curr\u00edculo e educa\u00e7\u00e3o com vasta experi\u00eancia internacional em ensino, treinamento e desenvolvimento acad\u00eamico. Ele possui um doutorado em educa\u00e7\u00e3o pela Universidade de Londres, onde sua pesquisa se concentrou na mudan\u00e7a curricular em Mianmar. David atuou como professor e professor na Royal Holloway, Universidade de Londres, desenvolvendo m\u00f3dulos inovadores em sa\u00fade global e planet\u00e1ria.<\/p><p>\u00a0<\/p><p>Ele trabalhou com o British Council em Mianmar em projetos nacionais de educa\u00e7\u00e3o e continua prestando consultoria global sobre o desenvolvimento de curr\u00edculos inclusivos, inclusive para as iniciativas de sa\u00fade planet\u00e1ria da Girawa. Sua forma\u00e7\u00e3o acad\u00eamica abrange psicologia, educa\u00e7\u00e3o para a cidadania, ensino de ingl\u00eas e terapia dram\u00e1tica.<\/p><p>\u00a0<\/p><p>Pesquisador publicado e colaborador experiente em confer\u00eancias, ele traz um profundo comprometimento com uma pedagogia inclusiva e centrada no aluno.<\/p>\t\t\t\t\t\t\t\t<\/div>\n\t\t\t\t<\/div>\n\t\t\t\t\t<\/div>\n\t\t<\/div>\n\t\t\t\t<div class=\"elementor-column elementor-col-33 elementor-top-column elementor-element elementor-element-b7e2eaf elementor-hidden-mobile\" data-id=\"b7e2eaf\" data-element_type=\"column\" data-e-type=\"column\">\n\t\t\t<div class=\"elementor-widget-wrap\">\n\t\t\t\t\t\t\t<\/div>\n\t\t<\/div>\n\t\t\t\t\t<\/div>\n\t\t<\/section>\n\t\t\t\t<section class=\"elementor-section elementor-top-section elementor-element elementor-element-4095c44 elementor-section-full_width elementor-section-height-default elementor-section-height-default\" data-id=\"4095c44\" data-element_type=\"section\" data-e-type=\"section\">\n\t\t\t\t\t\t<div class=\"elementor-container elementor-column-gap-default\">\n\t\t\t\t\t<div class=\"elementor-column elementor-col-100 elementor-top-column elementor-element elementor-element-7df17ef\" data-id=\"7df17ef\" data-element_type=\"column\" data-e-type=\"column\">\n\t\t\t<div class=\"elementor-widget-wrap elementor-element-populated\">\n\t\t\t\t\t\t<div class=\"elementor-element elementor-element-99da5e2 elementor-align-center e-transform elementor-widget elementor-widget-button\" data-id=\"99da5e2\" data-element_type=\"widget\" data-e-type=\"widget\" data-settings=\"{&quot;_transform_scale_effect_hover&quot;:{&quot;unit&quot;:&quot;px&quot;,&quot;size&quot;:1.05,&quot;sizes&quot;:[]},&quot;_transform_scale_effect_hover_tablet&quot;:{&quot;unit&quot;:&quot;px&quot;,&quot;size&quot;:&quot;&quot;,&quot;sizes&quot;:[]},&quot;_transform_scale_effect_hover_mobile_extra&quot;:{&quot;unit&quot;:&quot;px&quot;,&quot;size&quot;:&quot;&quot;,&quot;sizes&quot;:[]},&quot;_transform_scale_effect_hover_mobile&quot;:{&quot;unit&quot;:&quot;px&quot;,&quot;size&quot;:&quot;&quot;,&quot;sizes&quot;:[]}}\" data-widget_type=\"button.default\">\n\t\t\t\t<div class=\"elementor-widget-container\">\n\t\t\t\t\t\t\t\t\t<div class=\"elementor-button-wrapper\">\n\t\t\t\t\t<a class=\"elementor-button elementor-button-link elementor-size-sm\" href=\"https:\/\/girawa.org\/pt\/our-team\/\">\n\t\t\t\t\t\t<span class=\"elementor-button-content-wrapper\">\n\t\t\t\t\t\t<span class=\"elementor-button-icon\">\n\t\t\t\t<i aria-hidden=\"true\" class=\"fas fa-arrow-left\"><\/i>\t\t\t<\/span>\n\t\t\t\t\t\t\t\t\t<span class=\"elementor-button-text\">Voltar<\/span>\n\t\t\t\t\t<\/span>\n\t\t\t\t\t<\/a>\n\t\t\t\t<\/div>\n\t\t\t\t\t\t\t\t<\/div>\n\t\t\t\t<\/div>\n\t\t\t\t\t<\/div>\n\t\t<\/div>\n\t\t\t\t\t<\/div>\n\t\t<\/section>\n\t\t\t\t<\/div>","protected":false},"excerpt":{"rendered":"<p>Dr. David Channon\u200b Co-Lead Investigator Meet David David is a curriculum and education specialist with extensive international experience in teaching, [&hellip;]<\/p>\n","protected":false},"author":7,"featured_media":0,"parent":0,"menu_order":0,"comment_status":"closed","ping_status":"closed","template":"","meta":{"site-sidebar-layout":"no-sidebar","site-content-layout":"page-builder","ast-site-content-layout":"full-width-container","site-content-style":"default","site-sidebar-style":"default","ast-global-header-display":"","ast-banner-title-visibility":"","ast-main-header-display":"","ast-hfb-above-header-display":"","ast-hfb-below-header-display":"","ast-hfb-mobile-header-display":"","site-post-title":"disabled","ast-breadcrumbs-content":"","ast-featured-img":"disabled","footer-sml-layout":"","ast-disable-related-posts":"","theme-transparent-header-meta":"","adv-header-id-meta":"","stick-header-meta":"","header-above-stick-meta":"","header-main-stick-meta":"","header-below-stick-meta":"","astra-migrate-meta-layouts":"set","ast-page-background-enabled":"default","ast-page-background-meta":{"desktop":{"background-color":"var(--ast-global-color-4)","background-image":"","background-repeat":"repeat","background-position":"center center","background-size":"auto","background-attachment":"scroll","background-type":"","background-media":"","overlay-type":"","overlay-color":"","overlay-opacity":"","overlay-gradient":""},"tablet":{"background-color":"","background-image":"","background-repeat":"repeat","background-position":"center center","background-size":"auto","background-attachment":"scroll","background-type":"","background-media":"","overlay-type":"","overlay-color":"","overlay-opacity":"","overlay-gradient":""},"mobile":{"background-color":"","background-image":"","background-repeat":"repeat","background-position":"center center","background-size":"auto","background-attachment":"scroll","background-type":"","background-media":"","overlay-type":"","overlay-color":"","overlay-opacity":"","overlay-gradient":""}},"ast-content-background-meta":{"desktop":{"background-color":"var(--ast-global-color-5)","background-image":"","background-repeat":"repeat","background-position":"center center","background-size":"auto","background-attachment":"scroll","background-type":"","background-media":"","overlay-type":"","overlay-color":"","overlay-opacity":"","overlay-gradient":""},"tablet":{"background-color":"var(--ast-global-color-5)","background-image":"","background-repeat":"repeat","background-position":"center center","background-size":"auto","background-attachment":"scroll","background-type":"","background-media":"","overlay-type":"","overlay-color":"","overlay-opacity":"","overlay-gradient":""},"mobile":{"background-color":"var(--ast-global-color-5)","background-image":"","background-repeat":"repeat","background-position":"center center","background-size":"auto","background-attachment":"scroll","background-type":"","background-media":"","overlay-type":"","overlay-color":"","overlay-opacity":"","overlay-gradient":""}},"footnotes":""},"class_list":["post-4403","page","type-page","status-publish","hentry"],"yoast_head":"<!-- This site is optimized with the Yoast SEO plugin v27.3 - https:\/\/yoast.com\/product\/yoast-seo-wordpress\/ -->\n<title>Meet David - Girawa<\/title>\n<meta name=\"robots\" content=\"index, follow, max-snippet:-1, max-image-preview:large, max-video-preview:-1\" \/>\n<link rel=\"canonical\" href=\"https:\/\/girawa.org\/pt\/david\/\" \/>\n<meta property=\"og:locale\" content=\"pt_BR\" \/>\n<meta property=\"og:type\" content=\"article\" \/>\n<meta property=\"og:title\" content=\"Meet David - Girawa\" \/>\n<meta property=\"og:description\" content=\"Dr. David Channon\u200b Co-Lead Investigator Meet David David is a curriculum and education specialist with extensive international experience in teaching, [&hellip;]\" \/>\n<meta property=\"og:url\" content=\"https:\/\/girawa.org\/pt\/david\/\" \/>\n<meta property=\"og:site_name\" content=\"Girawa\" \/>\n<meta property=\"article:publisher\" content=\"https:\/\/www.facebook.com\/GirawaOrg\/\" \/>\n<meta property=\"article:modified_time\" content=\"2025-08-09T10:45:23+00:00\" \/>\n<meta property=\"og:image\" content=\"https:\/\/girawa.org\/wp-content\/uploads\/2024\/09\/Screenshot-2024-09-07-15.41.50.png\" \/>\n\t<meta property=\"og:image:width\" content=\"412\" \/>\n\t<meta property=\"og:image:height\" content=\"463\" \/>\n\t<meta property=\"og:image:type\" content=\"image\/png\" \/>\n<meta name=\"twitter:card\" content=\"summary_large_image\" \/>\n<meta name=\"twitter:site\" content=\"@GirawaOrg\" \/>\n<meta name=\"twitter:label1\" content=\"Est. tempo de leitura\" \/>\n\t<meta name=\"twitter:data1\" content=\"1 minuto\" \/>\n<script type=\"application\/ld+json\" class=\"yoast-schema-graph\">{\"@context\":\"https:\\\/\\\/schema.org\",\"@graph\":[{\"@type\":\"WebPage\",\"@id\":\"https:\\\/\\\/girawa.org\\\/david\\\/\",\"url\":\"https:\\\/\\\/girawa.org\\\/david\\\/\",\"name\":\"Meet David - Girawa\",\"isPartOf\":{\"@id\":\"https:\\\/\\\/girawa.org\\\/#website\"},\"primaryImageOfPage\":{\"@id\":\"https:\\\/\\\/girawa.org\\\/david\\\/#primaryimage\"},\"image\":{\"@id\":\"https:\\\/\\\/girawa.org\\\/david\\\/#primaryimage\"},\"thumbnailUrl\":\"https:\\\/\\\/girawa.org\\\/wp-content\\\/uploads\\\/2024\\\/09\\\/Screenshot-2024-09-07-15.41.50.png\",\"datePublished\":\"2025-07-11T15:15:35+00:00\",\"dateModified\":\"2025-08-09T10:45:23+00:00\",\"breadcrumb\":{\"@id\":\"https:\\\/\\\/girawa.org\\\/david\\\/#breadcrumb\"},\"inLanguage\":\"pt-BR\",\"potentialAction\":[{\"@type\":\"ReadAction\",\"target\":[\"https:\\\/\\\/girawa.org\\\/david\\\/\"]}]},{\"@type\":\"ImageObject\",\"inLanguage\":\"pt-BR\",\"@id\":\"https:\\\/\\\/girawa.org\\\/david\\\/#primaryimage\",\"url\":\"https:\\\/\\\/girawa.org\\\/wp-content\\\/uploads\\\/2024\\\/09\\\/Screenshot-2024-09-07-15.41.50.png\",\"contentUrl\":\"https:\\\/\\\/girawa.org\\\/wp-content\\\/uploads\\\/2024\\\/09\\\/Screenshot-2024-09-07-15.41.50.png\"},{\"@type\":\"BreadcrumbList\",\"@id\":\"https:\\\/\\\/girawa.org\\\/david\\\/#breadcrumb\",\"itemListElement\":[{\"@type\":\"ListItem\",\"position\":1,\"name\":\"Home\",\"item\":\"https:\\\/\\\/girawa.org\\\/\"},{\"@type\":\"ListItem\",\"position\":2,\"name\":\"Meet David\"}]},{\"@type\":\"WebSite\",\"@id\":\"https:\\\/\\\/girawa.org\\\/#website\",\"url\":\"https:\\\/\\\/girawa.org\\\/\",\"name\":\"Girawa\",\"description\":\"Planetary Health at the Core of Education\",\"publisher\":{\"@id\":\"https:\\\/\\\/girawa.org\\\/#organization\"},\"potentialAction\":[{\"@type\":\"SearchAction\",\"target\":{\"@type\":\"EntryPoint\",\"urlTemplate\":\"https:\\\/\\\/girawa.org\\\/?s={search_term_string}\"},\"query-input\":{\"@type\":\"PropertyValueSpecification\",\"valueRequired\":true,\"valueName\":\"search_term_string\"}}],\"inLanguage\":\"pt-BR\"},{\"@type\":\"Organization\",\"@id\":\"https:\\\/\\\/girawa.org\\\/#organization\",\"name\":\"Girawa\",\"url\":\"https:\\\/\\\/girawa.org\\\/\",\"logo\":{\"@type\":\"ImageObject\",\"inLanguage\":\"pt-BR\",\"@id\":\"https:\\\/\\\/girawa.org\\\/#\\\/schema\\\/logo\\\/image\\\/\",\"url\":\"https:\\\/\\\/girawa.org\\\/wp-content\\\/uploads\\\/2021\\\/03\\\/cropped-clear-logo.png\",\"contentUrl\":\"https:\\\/\\\/girawa.org\\\/wp-content\\\/uploads\\\/2021\\\/03\\\/cropped-clear-logo.png\",\"width\":1431,\"height\":666,\"caption\":\"Girawa\"},\"image\":{\"@id\":\"https:\\\/\\\/girawa.org\\\/#\\\/schema\\\/logo\\\/image\\\/\"},\"sameAs\":[\"https:\\\/\\\/www.facebook.com\\\/GirawaOrg\\\/\",\"https:\\\/\\\/x.com\\\/GirawaOrg\",\"https:\\\/\\\/www.instagram.com\\\/girawaorg\"]}]}<\/script>\n<!-- \/ Yoast SEO plugin. -->","yoast_head_json":{"title":"Meet David - Girawa","robots":{"index":"index","follow":"follow","max-snippet":"max-snippet:-1","max-image-preview":"max-image-preview:large","max-video-preview":"max-video-preview:-1"},"canonical":"https:\/\/girawa.org\/pt\/david\/","og_locale":"pt_BR","og_type":"article","og_title":"Meet David - Girawa","og_description":"Dr. David Channon\u200b Co-Lead Investigator Meet David David is a curriculum and education specialist with extensive international experience in teaching, [&hellip;]","og_url":"https:\/\/girawa.org\/pt\/david\/","og_site_name":"Girawa","article_publisher":"https:\/\/www.facebook.com\/GirawaOrg\/","article_modified_time":"2025-08-09T10:45:23+00:00","og_image":[{"width":412,"height":463,"url":"https:\/\/girawa.org\/wp-content\/uploads\/2024\/09\/Screenshot-2024-09-07-15.41.50.png","type":"image\/png"}],"twitter_card":"summary_large_image","twitter_site":"@GirawaOrg","twitter_misc":{"Est. tempo de leitura":"1 minuto"},"schema":{"@context":"https:\/\/schema.org","@graph":[{"@type":"WebPage","@id":"https:\/\/girawa.org\/david\/","url":"https:\/\/girawa.org\/david\/","name":"Meet David - Girawa","isPartOf":{"@id":"https:\/\/girawa.org\/#website"},"primaryImageOfPage":{"@id":"https:\/\/girawa.org\/david\/#primaryimage"},"image":{"@id":"https:\/\/girawa.org\/david\/#primaryimage"},"thumbnailUrl":"https:\/\/girawa.org\/wp-content\/uploads\/2024\/09\/Screenshot-2024-09-07-15.41.50.png","datePublished":"2025-07-11T15:15:35+00:00","dateModified":"2025-08-09T10:45:23+00:00","breadcrumb":{"@id":"https:\/\/girawa.org\/david\/#breadcrumb"},"inLanguage":"pt-BR","potentialAction":[{"@type":"ReadAction","target":["https:\/\/girawa.org\/david\/"]}]},{"@type":"ImageObject","inLanguage":"pt-BR","@id":"https:\/\/girawa.org\/david\/#primaryimage","url":"https:\/\/girawa.org\/wp-content\/uploads\/2024\/09\/Screenshot-2024-09-07-15.41.50.png","contentUrl":"https:\/\/girawa.org\/wp-content\/uploads\/2024\/09\/Screenshot-2024-09-07-15.41.50.png"},{"@type":"BreadcrumbList","@id":"https:\/\/girawa.org\/david\/#breadcrumb","itemListElement":[{"@type":"ListItem","position":1,"name":"Home","item":"https:\/\/girawa.org\/"},{"@type":"ListItem","position":2,"name":"Meet David"}]},{"@type":"WebSite","@id":"https:\/\/girawa.org\/#website","url":"https:\/\/girawa.org\/","name":"Girawa","description":"Planetary Health at the Core of Education","publisher":{"@id":"https:\/\/girawa.org\/#organization"},"potentialAction":[{"@type":"SearchAction","target":{"@type":"EntryPoint","urlTemplate":"https:\/\/girawa.org\/?s={search_term_string}"},"query-input":{"@type":"PropertyValueSpecification","valueRequired":true,"valueName":"search_term_string"}}],"inLanguage":"pt-BR"},{"@type":"Organization","@id":"https:\/\/girawa.org\/#organization","name":"Girawa","url":"https:\/\/girawa.org\/","logo":{"@type":"ImageObject","inLanguage":"pt-BR","@id":"https:\/\/girawa.org\/#\/schema\/logo\/image\/","url":"https:\/\/girawa.org\/wp-content\/uploads\/2021\/03\/cropped-clear-logo.png","contentUrl":"https:\/\/girawa.org\/wp-content\/uploads\/2021\/03\/cropped-clear-logo.png","width":1431,"height":666,"caption":"Girawa"},"image":{"@id":"https:\/\/girawa.org\/#\/schema\/logo\/image\/"},"sameAs":["https:\/\/www.facebook.com\/GirawaOrg\/","https:\/\/x.com\/GirawaOrg","https:\/\/www.instagram.com\/girawaorg"]}]}},"_links":{"self":[{"href":"https:\/\/girawa.org\/pt\/wp-json\/wp\/v2\/pages\/4403","targetHints":{"allow":["GET"]}}],"collection":[{"href":"https:\/\/girawa.org\/pt\/wp-json\/wp\/v2\/pages"}],"about":[{"href":"https:\/\/girawa.org\/pt\/wp-json\/wp\/v2\/types\/page"}],"author":[{"embeddable":true,"href":"https:\/\/girawa.org\/pt\/wp-json\/wp\/v2\/users\/7"}],"replies":[{"embeddable":true,"href":"https:\/\/girawa.org\/pt\/wp-json\/wp\/v2\/comments?post=4403"}],"version-history":[{"count":28,"href":"https:\/\/girawa.org\/pt\/wp-json\/wp\/v2\/pages\/4403\/revisions"}],"predecessor-version":[{"id":4782,"href":"https:\/\/girawa.org\/pt\/wp-json\/wp\/v2\/pages\/4403\/revisions\/4782"}],"wp:attachment":[{"href":"https:\/\/girawa.org\/pt\/wp-json\/wp\/v2\/media?parent=4403"}],"curies":[{"name":"wp","href":"https:\/\/api.w.org\/{rel}","templated":true}]}}