{"id":4376,"date":"2025-07-11T16:02:55","date_gmt":"2025-07-11T15:02:55","guid":{"rendered":"https:\/\/girawa.org\/?page_id=4376"},"modified":"2025-08-09T11:44:35","modified_gmt":"2025-08-09T10:44:35","slug":"anusha","status":"publish","type":"page","link":"https:\/\/girawa.org\/pt\/anusha\/","title":{"rendered":"Anusha&#8217;s Profile page"},"content":{"rendered":"<div data-elementor-type=\"wp-page\" data-elementor-id=\"4376\" class=\"elementor elementor-4376\">\n\t\t\t\t\t\t<footer class=\"elementor-section elementor-top-section elementor-element elementor-element-75a2c98 elementor-section-full_width elementor-section-height-default elementor-section-height-default\" data-id=\"75a2c98\" data-element_type=\"section\" data-e-type=\"section\">\n\t\t\t\t\t\t<div class=\"elementor-container elementor-column-gap-default\">\n\t\t\t\t\t<div class=\"elementor-column elementor-col-100 elementor-top-column elementor-element elementor-element-141420f\" data-id=\"141420f\" data-element_type=\"column\" data-e-type=\"column\">\n\t\t\t<div class=\"elementor-widget-wrap elementor-element-populated\">\n\t\t\t\t\t\t<section class=\"elementor-section elementor-inner-section elementor-element elementor-element-de760cf elementor-section-boxed elementor-section-height-default elementor-section-height-default\" data-id=\"de760cf\" data-element_type=\"section\" data-e-type=\"section\">\n\t\t\t\t\t\t<div class=\"elementor-container elementor-column-gap-default\">\n\t\t\t\t\t<div class=\"elementor-column elementor-col-50 elementor-inner-column elementor-element elementor-element-4e9e06e\" data-id=\"4e9e06e\" data-element_type=\"column\" data-e-type=\"column\">\n\t\t\t<div class=\"elementor-widget-wrap elementor-element-populated\">\n\t\t\t\t\t\t<div class=\"elementor-element elementor-element-f1e8027 elementor-widget elementor-widget-image\" data-id=\"f1e8027\" data-element_type=\"widget\" data-e-type=\"widget\" data-widget_type=\"image.default\">\n\t\t\t\t<div class=\"elementor-widget-container\">\n\t\t\t\t\t\t\t\t\t\t\t\t\t\t\t<img fetchpriority=\"high\" decoding=\"async\" width=\"508\" height=\"420\" src=\"https:\/\/girawa.org\/wp-content\/uploads\/2025\/03\/dr-anusha.webp\" class=\"attachment-full size-full wp-image-2856\" alt=\"Dr. Anusha Seneviratne, Founder of Girawa.org\" srcset=\"https:\/\/girawa.org\/wp-content\/uploads\/2025\/03\/dr-anusha.webp 508w, https:\/\/girawa.org\/wp-content\/uploads\/2025\/03\/dr-anusha-300x248.webp 300w\" sizes=\"(max-width: 508px) 100vw, 508px\" \/>\t\t\t\t\t\t\t\t\t\t\t\t\t\t\t<\/div>\n\t\t\t\t<\/div>\n\t\t\t\t\t<\/div>\n\t\t<\/div>\n\t\t\t\t<div class=\"elementor-column elementor-col-50 elementor-inner-column elementor-element elementor-element-1638792\" data-id=\"1638792\" data-element_type=\"column\" data-e-type=\"column\">\n\t\t\t<div class=\"elementor-widget-wrap elementor-element-populated\">\n\t\t\t\t\t\t<div class=\"elementor-element elementor-element-d8c29d4 elementor-widget-mobile_extra__width-initial e-transform elementor-widget elementor-widget-heading\" data-id=\"d8c29d4\" data-element_type=\"widget\" data-e-type=\"widget\" data-settings=\"{&quot;_transform_scale_effect_mobile_extra&quot;:{&quot;unit&quot;:&quot;px&quot;,&quot;size&quot;:0.8,&quot;sizes&quot;:[]},&quot;_transform_scale_effect&quot;:{&quot;unit&quot;:&quot;px&quot;,&quot;size&quot;:&quot;&quot;,&quot;sizes&quot;:[]},&quot;_transform_scale_effect_tablet&quot;:{&quot;unit&quot;:&quot;px&quot;,&quot;size&quot;:&quot;&quot;,&quot;sizes&quot;:[]},&quot;_transform_scale_effect_mobile&quot;:{&quot;unit&quot;:&quot;px&quot;,&quot;size&quot;:&quot;&quot;,&quot;sizes&quot;:[]}}\" data-widget_type=\"heading.default\">\n\t\t\t\t<div class=\"elementor-widget-container\">\n\t\t\t\t\t<h1 class=\"elementor-heading-title elementor-size-default\">Dra. Anusha Seneviratne<\/h1>\t\t\t\t<\/div>\n\t\t\t\t<\/div>\n\t\t\t\t<div class=\"elementor-element elementor-element-5206f07 elementor-widget elementor-widget-html\" data-id=\"5206f07\" data-element_type=\"widget\" data-e-type=\"widget\" data-widget_type=\"html.default\">\n\t\t\t\t<div class=\"elementor-widget-container\">\n\t\t\t\t\t<div style=\"background-color:#EA5348; width:6.5rem; height:0.5rem; border-radius:30rem;\">\n    \n<\/div>\t\t\t\t<\/div>\n\t\t\t\t<\/div>\n\t\t\t\t<div class=\"elementor-element elementor-element-34f027f elementor-widget elementor-widget-text-editor\" data-id=\"34f027f\" data-element_type=\"widget\" data-e-type=\"widget\" data-widget_type=\"text-editor.default\">\n\t\t\t\t<div class=\"elementor-widget-container\">\n\t\t\t\t\t\t\t\t\t<p>Fundador e Co-Pesquisador Principal<\/p>\t\t\t\t\t\t\t\t<\/div>\n\t\t\t\t<\/div>\n\t\t\t\t\t<\/div>\n\t\t<\/div>\n\t\t\t\t\t<\/div>\n\t\t<\/section>\n\t\t\t\t\t<\/div>\n\t\t<\/div>\n\t\t\t\t\t<\/div>\n\t\t<\/footer>\n\t\t\t\t<section class=\"elementor-section elementor-top-section elementor-element elementor-element-c695e80 elementor-section-boxed elementor-section-height-default elementor-section-height-default\" data-id=\"c695e80\" data-element_type=\"section\" data-e-type=\"section\">\n\t\t\t\t\t\t<div class=\"elementor-container elementor-column-gap-default\">\n\t\t\t\t\t<div class=\"elementor-column elementor-col-33 elementor-top-column elementor-element elementor-element-68a426e elementor-hidden-mobile\" data-id=\"68a426e\" data-element_type=\"column\" data-e-type=\"column\">\n\t\t\t<div class=\"elementor-widget-wrap\">\n\t\t\t\t\t\t\t<\/div>\n\t\t<\/div>\n\t\t\t\t<div class=\"elementor-column elementor-col-33 elementor-top-column elementor-element elementor-element-aa04808\" data-id=\"aa04808\" data-element_type=\"column\" data-e-type=\"column\">\n\t\t\t<div class=\"elementor-widget-wrap elementor-element-populated\">\n\t\t\t\t\t\t<div class=\"elementor-element elementor-element-ba70c8f elementor-widget elementor-widget-heading\" data-id=\"ba70c8f\" data-element_type=\"widget\" data-e-type=\"widget\" data-widget_type=\"heading.default\">\n\t\t\t\t<div class=\"elementor-widget-container\">\n\t\t\t\t\t<h2 class=\"elementor-heading-title elementor-size-default\">Conhe\u00e7a Anusha<\/h2>\t\t\t\t<\/div>\n\t\t\t\t<\/div>\n\t\t\t\t<div class=\"elementor-element elementor-element-b9e6e01 elementor-widget elementor-widget-html\" data-id=\"b9e6e01\" data-element_type=\"widget\" data-e-type=\"widget\" data-widget_type=\"html.default\">\n\t\t\t\t<div class=\"elementor-widget-container\">\n\t\t\t\t\t<div style=\"background-color:#EA5348; width:6.5rem; height:0.5rem; border-radius:30rem;\">\n    \n<\/div>\t\t\t\t<\/div>\n\t\t\t\t<\/div>\n\t\t\t\t<div class=\"elementor-element elementor-element-848e1d9 elementor-widget__width-initial elementor-widget elementor-widget-text-editor\" data-id=\"848e1d9\" data-element_type=\"widget\" data-e-type=\"widget\" data-widget_type=\"text-editor.default\">\n\t\t\t\t<div class=\"elementor-widget-container\">\n\t\t\t\t\t\t\t\t\t<div class=\"modal-body\">\n<p>Anusha \u00e9 professora de Estudos de Sa\u00fade Humana e Ambiental na Royal Holloway University de Londres. Ela possui bacharelado e mestrado em Ci\u00eancias Biom\u00e9dicas e doutorado em Imunologia Vascular pelo Imperial College London, onde pesquisou doen\u00e7as vasculares ateroscler\u00f3ticas e publicou diversos artigos revisados por pares em peri\u00f3dicos cardiovasculares de renome mundial.<\/p><p><br><\/p>\n<p>Seus atuais interesses de pesquisa se concentram em como fatores ambientais, como polui\u00e7\u00e3o, doen\u00e7as infecciosas e plantas medicinais, afetam a aterosclerose e a inflama\u00e7\u00e3o no corpo humano.<\/p><p><br><\/p>\n<p style=\"text-align: left; padding-left: 40px;\" class=\"translation-block\"><em>Veja seu <a style=\"color: #ffcc00\" href=\"https:\/\/pure.royalholloway.ac.uk\/en\/persons\/anusha-seneviratne\" target=\"_self\">perfil acad\u00eamico<\/a> para mais detalhes.<\/em><\/p><p style=\"text-align: left; padding-left: 40px;\"><em><br><\/em><\/p>\n<p>Ela contribuiu para um relat\u00f3rio sobre Doen\u00e7as N\u00e3o Transmiss\u00edveis para a Organiza\u00e7\u00e3o Mundial da Sa\u00fade e para a Declara\u00e7\u00e3o de S\u00e3o Paulo sobre Sa\u00fade Planet\u00e1ria. Foi volunt\u00e1ria na Foundation of Goodness e treinou atletas de t\u00eanis de mesa, utilizando sua experi\u00eancia como ex-campe\u00e3 inglesa sub-11.<\/p><p><br><\/p>\n<p>Ela \u00e9 membro da Sociedade Europeia de Cardiologia, da Sociedade Real para a Prote\u00e7\u00e3o das Aves (RSPB) e da Conserva\u00e7\u00e3o de Borboletas no Reino Unido, e \u00e9 apaixonada por Sa\u00fade Planet\u00e1ria, ci\u00eancia descolonizadora, justi\u00e7a clim\u00e1tica, Natureza e Conserva\u00e7\u00e3o.<\/p><p><br><\/p>\n<p>Ela tamb\u00e9m gosta de fotografia da vida selvagem e artesanato sustent\u00e1vel, como croch\u00ea e costura.<\/p>\n<\/div>\t\t\t\t\t\t\t\t<\/div>\n\t\t\t\t<\/div>\n\t\t\t\t\t<\/div>\n\t\t<\/div>\n\t\t\t\t<div class=\"elementor-column elementor-col-33 elementor-top-column elementor-element elementor-element-b7b17de elementor-hidden-mobile\" data-id=\"b7b17de\" data-element_type=\"column\" data-e-type=\"column\">\n\t\t\t<div class=\"elementor-widget-wrap\">\n\t\t\t\t\t\t\t<\/div>\n\t\t<\/div>\n\t\t\t\t\t<\/div>\n\t\t<\/section>\n\t\t\t\t<section class=\"elementor-section elementor-top-section elementor-element elementor-element-9073f3a elementor-section-boxed elementor-section-height-default elementor-section-height-default\" data-id=\"9073f3a\" data-element_type=\"section\" data-e-type=\"section\">\n\t\t\t\t\t\t<div class=\"elementor-container elementor-column-gap-default\">\n\t\t\t\t\t<div class=\"elementor-column elementor-col-100 elementor-top-column elementor-element elementor-element-79103fd\" data-id=\"79103fd\" data-element_type=\"column\" data-e-type=\"column\">\n\t\t\t<div class=\"elementor-widget-wrap elementor-element-populated\">\n\t\t\t\t\t\t<div class=\"elementor-element elementor-element-1810f23 elementor-align-center e-transform elementor-widget elementor-widget-button\" data-id=\"1810f23\" data-element_type=\"widget\" data-e-type=\"widget\" data-settings=\"{&quot;_transform_scale_effect_hover&quot;:{&quot;unit&quot;:&quot;px&quot;,&quot;size&quot;:1.05,&quot;sizes&quot;:[]},&quot;_transform_scale_effect_hover_tablet&quot;:{&quot;unit&quot;:&quot;px&quot;,&quot;size&quot;:&quot;&quot;,&quot;sizes&quot;:[]},&quot;_transform_scale_effect_hover_mobile_extra&quot;:{&quot;unit&quot;:&quot;px&quot;,&quot;size&quot;:&quot;&quot;,&quot;sizes&quot;:[]},&quot;_transform_scale_effect_hover_mobile&quot;:{&quot;unit&quot;:&quot;px&quot;,&quot;size&quot;:&quot;&quot;,&quot;sizes&quot;:[]}}\" data-widget_type=\"button.default\">\n\t\t\t\t<div class=\"elementor-widget-container\">\n\t\t\t\t\t\t\t\t\t<div class=\"elementor-button-wrapper\">\n\t\t\t\t\t<a class=\"elementor-button elementor-button-link elementor-size-sm\" href=\"https:\/\/girawa.org\/pt\/our-team\/\">\n\t\t\t\t\t\t<span class=\"elementor-button-content-wrapper\">\n\t\t\t\t\t\t<span class=\"elementor-button-icon\">\n\t\t\t\t<i aria-hidden=\"true\" class=\"fas fa-arrow-left\"><\/i>\t\t\t<\/span>\n\t\t\t\t\t\t\t\t\t<span class=\"elementor-button-text\">Voltar<\/span>\n\t\t\t\t\t<\/span>\n\t\t\t\t\t<\/a>\n\t\t\t\t<\/div>\n\t\t\t\t\t\t\t\t<\/div>\n\t\t\t\t<\/div>\n\t\t\t\t\t<\/div>\n\t\t<\/div>\n\t\t\t\t\t<\/div>\n\t\t<\/section>\n\t\t\t\t<\/div>","protected":false},"excerpt":{"rendered":"<p>Dr. Anusha Seneviratne Founder and Co-Lead Investigator Meet Anusha Anusha is a Lecturer in Human and Environmental Health Studies at [&hellip;]<\/p>\n","protected":false},"author":7,"featured_media":0,"parent":0,"menu_order":0,"comment_status":"closed","ping_status":"closed","template":"","meta":{"site-sidebar-layout":"no-sidebar","site-content-layout":"page-builder","ast-site-content-layout":"full-width-container","site-content-style":"default","site-sidebar-style":"default","ast-global-header-display":"","ast-banner-title-visibility":"","ast-main-header-display":"","ast-hfb-above-header-display":"","ast-hfb-below-header-display":"","ast-hfb-mobile-header-display":"","site-post-title":"disabled","ast-breadcrumbs-content":"","ast-featured-img":"disabled","footer-sml-layout":"","ast-disable-related-posts":"","theme-transparent-header-meta":"","adv-header-id-meta":"","stick-header-meta":"","header-above-stick-meta":"","header-main-stick-meta":"","header-below-stick-meta":"","astra-migrate-meta-layouts":"set","ast-page-background-enabled":"default","ast-page-background-meta":{"desktop":{"background-color":"var(--ast-global-color-4)","background-image":"","background-repeat":"repeat","background-position":"center center","background-size":"auto","background-attachment":"scroll","background-type":"","background-media":"","overlay-type":"","overlay-color":"","overlay-opacity":"","overlay-gradient":""},"tablet":{"background-color":"","background-image":"","background-repeat":"repeat","background-position":"center center","background-size":"auto","background-attachment":"scroll","background-type":"","background-media":"","overlay-type":"","overlay-color":"","overlay-opacity":"","overlay-gradient":""},"mobile":{"background-color":"","background-image":"","background-repeat":"repeat","background-position":"center center","background-size":"auto","background-attachment":"scroll","background-type":"","background-media":"","overlay-type":"","overlay-color":"","overlay-opacity":"","overlay-gradient":""}},"ast-content-background-meta":{"desktop":{"background-color":"var(--ast-global-color-5)","background-image":"","background-repeat":"repeat","background-position":"center center","background-size":"auto","background-attachment":"scroll","background-type":"","background-media":"","overlay-type":"","overlay-color":"","overlay-opacity":"","overlay-gradient":""},"tablet":{"background-color":"var(--ast-global-color-5)","background-image":"","background-repeat":"repeat","background-position":"center center","background-size":"auto","background-attachment":"scroll","background-type":"","background-media":"","overlay-type":"","overlay-color":"","overlay-opacity":"","overlay-gradient":""},"mobile":{"background-color":"var(--ast-global-color-5)","background-image":"","background-repeat":"repeat","background-position":"center center","background-size":"auto","background-attachment":"scroll","background-type":"","background-media":"","overlay-type":"","overlay-color":"","overlay-opacity":"","overlay-gradient":""}},"footnotes":""},"class_list":["post-4376","page","type-page","status-publish","hentry"],"yoast_head":"<!-- This site is optimized with the Yoast SEO plugin v27.5 - https:\/\/yoast.com\/product\/yoast-seo-wordpress\/ -->\n<title>Anusha&#039;s Profile page - Girawa<\/title>\n<meta name=\"robots\" content=\"index, follow, max-snippet:-1, max-image-preview:large, max-video-preview:-1\" \/>\n<link rel=\"canonical\" href=\"https:\/\/girawa.org\/pt\/anusha\/\" \/>\n<meta property=\"og:locale\" content=\"pt_BR\" \/>\n<meta property=\"og:type\" content=\"article\" \/>\n<meta property=\"og:title\" content=\"Anusha&#039;s Profile page - Girawa\" \/>\n<meta property=\"og:description\" content=\"Dr. Anusha Seneviratne Founder and Co-Lead Investigator Meet Anusha Anusha is a Lecturer in Human and Environmental Health Studies at [&hellip;]\" \/>\n<meta property=\"og:url\" content=\"https:\/\/girawa.org\/pt\/anusha\/\" \/>\n<meta property=\"og:site_name\" content=\"Girawa\" \/>\n<meta property=\"article:publisher\" content=\"https:\/\/www.facebook.com\/GirawaOrg\/\" \/>\n<meta property=\"article:modified_time\" content=\"2025-08-09T10:44:35+00:00\" \/>\n<meta property=\"og:image\" content=\"https:\/\/girawa.org\/wp-content\/uploads\/2025\/03\/dr-anusha.webp\" \/>\n\t<meta property=\"og:image:width\" content=\"508\" \/>\n\t<meta property=\"og:image:height\" content=\"420\" \/>\n\t<meta property=\"og:image:type\" content=\"image\/webp\" \/>\n<meta name=\"twitter:card\" content=\"summary_large_image\" \/>\n<meta name=\"twitter:site\" content=\"@GirawaOrg\" \/>\n<meta name=\"twitter:label1\" content=\"Est. tempo de leitura\" \/>\n\t<meta name=\"twitter:data1\" content=\"2 minutos\" \/>\n<script type=\"application\/ld+json\" class=\"yoast-schema-graph\">{\"@context\":\"https:\\\/\\\/schema.org\",\"@graph\":[{\"@type\":\"WebPage\",\"@id\":\"https:\\\/\\\/girawa.org\\\/anusha\\\/\",\"url\":\"https:\\\/\\\/girawa.org\\\/anusha\\\/\",\"name\":\"Anusha's Profile page - Girawa\",\"isPartOf\":{\"@id\":\"https:\\\/\\\/girawa.org\\\/#website\"},\"primaryImageOfPage\":{\"@id\":\"https:\\\/\\\/girawa.org\\\/anusha\\\/#primaryimage\"},\"image\":{\"@id\":\"https:\\\/\\\/girawa.org\\\/anusha\\\/#primaryimage\"},\"thumbnailUrl\":\"https:\\\/\\\/girawa.org\\\/wp-content\\\/uploads\\\/2025\\\/03\\\/dr-anusha.webp\",\"datePublished\":\"2025-07-11T15:02:55+00:00\",\"dateModified\":\"2025-08-09T10:44:35+00:00\",\"breadcrumb\":{\"@id\":\"https:\\\/\\\/girawa.org\\\/anusha\\\/#breadcrumb\"},\"inLanguage\":\"pt-BR\",\"potentialAction\":[{\"@type\":\"ReadAction\",\"target\":[\"https:\\\/\\\/girawa.org\\\/anusha\\\/\"]}]},{\"@type\":\"ImageObject\",\"inLanguage\":\"pt-BR\",\"@id\":\"https:\\\/\\\/girawa.org\\\/anusha\\\/#primaryimage\",\"url\":\"https:\\\/\\\/girawa.org\\\/wp-content\\\/uploads\\\/2025\\\/03\\\/dr-anusha.webp\",\"contentUrl\":\"https:\\\/\\\/girawa.org\\\/wp-content\\\/uploads\\\/2025\\\/03\\\/dr-anusha.webp\"},{\"@type\":\"BreadcrumbList\",\"@id\":\"https:\\\/\\\/girawa.org\\\/anusha\\\/#breadcrumb\",\"itemListElement\":[{\"@type\":\"ListItem\",\"position\":1,\"name\":\"Home\",\"item\":\"https:\\\/\\\/girawa.org\\\/\"},{\"@type\":\"ListItem\",\"position\":2,\"name\":\"Anusha&#8217;s Profile page\"}]},{\"@type\":\"WebSite\",\"@id\":\"https:\\\/\\\/girawa.org\\\/#website\",\"url\":\"https:\\\/\\\/girawa.org\\\/\",\"name\":\"Girawa\",\"description\":\"Planetary Health at the Core of Education\",\"publisher\":{\"@id\":\"https:\\\/\\\/girawa.org\\\/#organization\"},\"potentialAction\":[{\"@type\":\"SearchAction\",\"target\":{\"@type\":\"EntryPoint\",\"urlTemplate\":\"https:\\\/\\\/girawa.org\\\/?s={search_term_string}\"},\"query-input\":{\"@type\":\"PropertyValueSpecification\",\"valueRequired\":true,\"valueName\":\"search_term_string\"}}],\"inLanguage\":\"pt-BR\"},{\"@type\":\"Organization\",\"@id\":\"https:\\\/\\\/girawa.org\\\/#organization\",\"name\":\"Girawa\",\"url\":\"https:\\\/\\\/girawa.org\\\/\",\"logo\":{\"@type\":\"ImageObject\",\"inLanguage\":\"pt-BR\",\"@id\":\"https:\\\/\\\/girawa.org\\\/#\\\/schema\\\/logo\\\/image\\\/\",\"url\":\"https:\\\/\\\/girawa.org\\\/wp-content\\\/uploads\\\/2021\\\/03\\\/cropped-clear-logo.png\",\"contentUrl\":\"https:\\\/\\\/girawa.org\\\/wp-content\\\/uploads\\\/2021\\\/03\\\/cropped-clear-logo.png\",\"width\":1431,\"height\":666,\"caption\":\"Girawa\"},\"image\":{\"@id\":\"https:\\\/\\\/girawa.org\\\/#\\\/schema\\\/logo\\\/image\\\/\"},\"sameAs\":[\"https:\\\/\\\/www.facebook.com\\\/GirawaOrg\\\/\",\"https:\\\/\\\/x.com\\\/GirawaOrg\",\"https:\\\/\\\/www.instagram.com\\\/girawaorg\"]}]}<\/script>\n<!-- \/ Yoast SEO plugin. -->","yoast_head_json":{"title":"Anusha's Profile page - Girawa","robots":{"index":"index","follow":"follow","max-snippet":"max-snippet:-1","max-image-preview":"max-image-preview:large","max-video-preview":"max-video-preview:-1"},"canonical":"https:\/\/girawa.org\/pt\/anusha\/","og_locale":"pt_BR","og_type":"article","og_title":"Anusha's Profile page - Girawa","og_description":"Dr. Anusha Seneviratne Founder and Co-Lead Investigator Meet Anusha Anusha is a Lecturer in Human and Environmental Health Studies at [&hellip;]","og_url":"https:\/\/girawa.org\/pt\/anusha\/","og_site_name":"Girawa","article_publisher":"https:\/\/www.facebook.com\/GirawaOrg\/","article_modified_time":"2025-08-09T10:44:35+00:00","og_image":[{"width":508,"height":420,"url":"https:\/\/girawa.org\/wp-content\/uploads\/2025\/03\/dr-anusha.webp","type":"image\/webp"}],"twitter_card":"summary_large_image","twitter_site":"@GirawaOrg","twitter_misc":{"Est. tempo de leitura":"2 minutos"},"schema":{"@context":"https:\/\/schema.org","@graph":[{"@type":"WebPage","@id":"https:\/\/girawa.org\/anusha\/","url":"https:\/\/girawa.org\/anusha\/","name":"Anusha's Profile page - Girawa","isPartOf":{"@id":"https:\/\/girawa.org\/#website"},"primaryImageOfPage":{"@id":"https:\/\/girawa.org\/anusha\/#primaryimage"},"image":{"@id":"https:\/\/girawa.org\/anusha\/#primaryimage"},"thumbnailUrl":"https:\/\/girawa.org\/wp-content\/uploads\/2025\/03\/dr-anusha.webp","datePublished":"2025-07-11T15:02:55+00:00","dateModified":"2025-08-09T10:44:35+00:00","breadcrumb":{"@id":"https:\/\/girawa.org\/anusha\/#breadcrumb"},"inLanguage":"pt-BR","potentialAction":[{"@type":"ReadAction","target":["https:\/\/girawa.org\/anusha\/"]}]},{"@type":"ImageObject","inLanguage":"pt-BR","@id":"https:\/\/girawa.org\/anusha\/#primaryimage","url":"https:\/\/girawa.org\/wp-content\/uploads\/2025\/03\/dr-anusha.webp","contentUrl":"https:\/\/girawa.org\/wp-content\/uploads\/2025\/03\/dr-anusha.webp"},{"@type":"BreadcrumbList","@id":"https:\/\/girawa.org\/anusha\/#breadcrumb","itemListElement":[{"@type":"ListItem","position":1,"name":"Home","item":"https:\/\/girawa.org\/"},{"@type":"ListItem","position":2,"name":"Anusha&#8217;s Profile page"}]},{"@type":"WebSite","@id":"https:\/\/girawa.org\/#website","url":"https:\/\/girawa.org\/","name":"Girawa","description":"Planetary Health at the Core of Education","publisher":{"@id":"https:\/\/girawa.org\/#organization"},"potentialAction":[{"@type":"SearchAction","target":{"@type":"EntryPoint","urlTemplate":"https:\/\/girawa.org\/?s={search_term_string}"},"query-input":{"@type":"PropertyValueSpecification","valueRequired":true,"valueName":"search_term_string"}}],"inLanguage":"pt-BR"},{"@type":"Organization","@id":"https:\/\/girawa.org\/#organization","name":"Girawa","url":"https:\/\/girawa.org\/","logo":{"@type":"ImageObject","inLanguage":"pt-BR","@id":"https:\/\/girawa.org\/#\/schema\/logo\/image\/","url":"https:\/\/girawa.org\/wp-content\/uploads\/2021\/03\/cropped-clear-logo.png","contentUrl":"https:\/\/girawa.org\/wp-content\/uploads\/2021\/03\/cropped-clear-logo.png","width":1431,"height":666,"caption":"Girawa"},"image":{"@id":"https:\/\/girawa.org\/#\/schema\/logo\/image\/"},"sameAs":["https:\/\/www.facebook.com\/GirawaOrg\/","https:\/\/x.com\/GirawaOrg","https:\/\/www.instagram.com\/girawaorg"]}]}},"_links":{"self":[{"href":"https:\/\/girawa.org\/pt\/wp-json\/wp\/v2\/pages\/4376","targetHints":{"allow":["GET"]}}],"collection":[{"href":"https:\/\/girawa.org\/pt\/wp-json\/wp\/v2\/pages"}],"about":[{"href":"https:\/\/girawa.org\/pt\/wp-json\/wp\/v2\/types\/page"}],"author":[{"embeddable":true,"href":"https:\/\/girawa.org\/pt\/wp-json\/wp\/v2\/users\/7"}],"replies":[{"embeddable":true,"href":"https:\/\/girawa.org\/pt\/wp-json\/wp\/v2\/comments?post=4376"}],"version-history":[{"count":79,"href":"https:\/\/girawa.org\/pt\/wp-json\/wp\/v2\/pages\/4376\/revisions"}],"predecessor-version":[{"id":4779,"href":"https:\/\/girawa.org\/pt\/wp-json\/wp\/v2\/pages\/4376\/revisions\/4779"}],"wp:attachment":[{"href":"https:\/\/girawa.org\/pt\/wp-json\/wp\/v2\/media?parent=4376"}],"curies":[{"name":"wp","href":"https:\/\/api.w.org\/{rel}","templated":true}]}}